{"id":1034,"date":"2014-07-09T15:49:34","date_gmt":"2014-07-09T15:49:34","guid":{"rendered":"http:\/\/tonipinies.com\/ca\/blog\/"},"modified":"2014-07-09T15:49:34","modified_gmt":"2014-07-09T15:49:34","slug":"blog","status":"publish","type":"page","link":"https:\/\/tonipinies.com\/ca\/blog\/","title":{"rendered":"Blog"},"content":{"rendered":"<\/div><\/div><\/div><!-- close content main div --><\/div><\/div><div id='av_section_1' class='avia-section main_color avia-section-default avia-no-shadow avia-full-stretch av-parallax-section av-section-color-overlay-active avia-bg-style-parallax    av-minimum-height av-minimum-height-custom container_wrap sidebar_right'  data-section-bg-repeat='stretch' ><div class='av-parallax' data-avia-parallax-ratio='0.3' ><div class='av-parallax-inner main_color  avia-full-stretch' style = 'background-repeat: no-repeat; background-image: url(https:\/\/tonipinies.com\/wp-content\/uploads\/2014\/07\/news.jpg); background-attachment: scroll; background-position: center center; ' ><\/div><\/div><div class='av-section-color-overlay-wrap'><div class='av-section-color-overlay' style='opacity: 0.5; background-color: #0a0a0a; '><\/div><div class='container' style='height:350px'><div class='template-page content  av-content-small alpha units'><div class='post-entry post-entry-type-page post-entry-1034'><div class='entry-content-wrapper clearfix'>\n<div style='padding-bottom:0px;color:#ffffff;font-size:40px;' class='av-special-heading av-special-heading-h1 custom-color-heading blockquote modern-quote   av-inherit-size '><h1 class='av-special-heading-tag '  itemprop=\"headline\"  >\u00daltimas noticias<\/h1><div class ='av-subheading av-subheading_below av_custom_color ' style='font-size:18px;'><p>Lo que hago, y estoy planeando \ud83d\ude09<\/p>\n<\/div><div class='special-heading-border'><div class='special-heading-inner-border' style='border-color:#ffffff'><\/div><\/div><\/div>\n<\/div><\/div><\/div><!-- close content main div --><\/div><\/div><\/div><div id='after_section_1' class='main_color av_default_container_wrap container_wrap sidebar_right'   ><div class='container' ><div class='template-page content  av-content-small alpha units'><div class='post-entry post-entry-type-page post-entry-1034'><div class='entry-content-wrapper clearfix'>\n<div class='av-alb-blogposts template-blog  '  itemscope=\"itemscope\" itemtype=\"https:\/\/schema.org\/Blog\" ><article class='post-entry post-entry-type-standard post-entry-2114 post-loop-1 post-parity-odd single-small with-slider post-2114 post type-post status-publish format-standard has-post-thumbnail hentry category-cambio-organizativo category-coaching category-coaching-sistemico category-liderazgo-personal tag-ilusion tag-propostio'  itemscope=\"itemscope\" itemtype=\"https:\/\/schema.org\/BlogPosting\" ><div class='blog-meta'><a href='https:\/\/tonipinies.com\/conectarnos-al-proposito-nos-da-mas-vida\/' class='small-preview' title='Conectarnos al prop\u00f3sito nos da m\u00e1s vida'><img loading=\"lazy\" decoding=\"async\" width=\"180\" height=\"180\" src=\"https:\/\/tonipinies.com\/wp-content\/uploads\/2019\/10\/board-978179_1280-180x180.jpg\" class=\"attachment-square size-square wp-post-image\" alt=\"\" srcset=\"https:\/\/tonipinies.com\/wp-content\/uploads\/2019\/10\/board-978179_1280-180x180.jpg 180w, https:\/\/tonipinies.com\/wp-content\/uploads\/2019\/10\/board-978179_1280-80x80.jpg 80w, https:\/\/tonipinies.com\/wp-content\/uploads\/2019\/10\/board-978179_1280-36x36.jpg 36w, https:\/\/tonipinies.com\/wp-content\/uploads\/2019\/10\/board-978179_1280-120x120.jpg 120w, https:\/\/tonipinies.com\/wp-content\/uploads\/2019\/10\/board-978179_1280-450x450.jpg 450w\" sizes=\"auto, (max-width: 180px) 100vw, 180px\" \/><span class=\"iconfont\" aria-hidden='true' data-av_icon='\ue836' data-av_iconfont='entypo-fontello'><\/span><\/a><\/div><div class='entry-content-wrapper clearfix standard-content'><header class=\"entry-content-header\"><h2 class='post-title entry-title'  itemprop=\"headline\" >\t<a href='https:\/\/tonipinies.com\/conectarnos-al-proposito-nos-da-mas-vida\/' rel='bookmark' title='Permanent Link: Conectarnos al prop\u00f3sito nos da m\u00e1s vida'>Conectarnos al prop\u00f3sito nos da m\u00e1s vida\t\t\t<span class='post-format-icon minor-meta'><\/span>\t<\/a><\/h2><span class='post-meta-infos'><time class='date-container minor-meta updated' ><\/time><span class='text-sep text-sep-date'>\/<\/span><span class='comment-container minor-meta'><a href=\"https:\/\/tonipinies.com\/conectarnos-al-proposito-nos-da-mas-vida\/#respond\" class=\"comments-link\" >0 Comments<\/a><\/span><span class='text-sep text-sep-comment'>\/<\/span><span class=\"blog-categories minor-meta\">in <a href=\"https:\/\/tonipinies.com\/category\/cambio-organizativo\/\" rel=\"tag\">Cambio Organizativo<\/a>, <a href=\"https:\/\/tonipinies.com\/category\/coaching\/\" rel=\"tag\">Coaching<\/a>, <a href=\"https:\/\/tonipinies.com\/category\/coaching-sistemico\/\" rel=\"tag\">Coaching Sist\u00e9mico<\/a>, <a href=\"https:\/\/tonipinies.com\/category\/liderazgo-personal\/\" rel=\"tag\">Liderazgo y Desarrollo Personal<\/a> <\/span><span class=\"text-sep text-sep-cat\">\/<\/span><span class=\"blog-author minor-meta\">by <span class=\"entry-author-link\" ><span class=\"vcard author\"><span class=\"fn\"><a href=\"https:\/\/tonipinies.com\/ca\/author\/tonipinies\/\" title=\"Entrades de \" rel=\"author\"><\/a><\/span><\/span><\/span><\/span><\/span><\/header><div class=\"entry-content\"  itemprop=\"text\" ><p>Conectarnos al prop\u00f3sito nos da m\u00e1s vida. Como organizaci\u00f3n y como personas Existen empresas inolvidables y otras \u201cde cuyo nombre no quiero acordarme\u201d, tambi\u00e9n existen empresas a las que las personas quieren pertenecer, lugares de los que sus empleados se sienten orgullosos y otros en los que \u201ctenemos rotaci\u00f3n y problemas de captaci\u00f3n\u201d. Existen empresas sanas y otras&#8230; menos sanas o enfermas. Algunos llaman orgullo de pertenencia a decir que te sientes feliz de trabajar para tal o cual empresa, otros hacen rankings de \u201cel mejor lugar para trabajar\u201d o del lovework, o yo que s\u00e9 que nombres m\u00e1s inspirados y que responden a una forma de entender la realidad [&hellip;]<\/p>\n<div class=\"read-more-link\"><a href=\"https:\/\/tonipinies.com\/conectarnos-al-proposito-nos-da-mas-vida\/\" class=\"more-link\">Llegir m\u00e9s<span class=\"more-link-arrow\"><\/span><\/a><\/div>\n<\/div><footer class=\"entry-footer\"><\/footer><div class='post_delimiter'><\/div><\/div><div class='post_author_timeline'><\/div><span class='hidden'>\n\t\t\t<span class='av-structured-data'  itemscope=\"itemscope\" itemtype=\"https:\/\/schema.org\/ImageObject\"  itemprop='image'>\n\t\t\t\t\t   <span itemprop='url' >https:\/\/tonipinies.com\/wp-content\/uploads\/2019\/10\/board-978179_1280.jpg<\/span>\n\t\t\t\t\t   <span itemprop='height' >682<\/span>\n\t\t\t\t\t   <span itemprop='width' >1280<\/span>\n\t\t\t\t  <\/span><span class='av-structured-data'  itemprop=\"publisher\" itemtype=\"https:\/\/schema.org\/Organization\" itemscope=\"itemscope\" >\n\t\t\t\t<span itemprop='name'>tonipinies<\/span>\n\t\t\t\t<span itemprop='logo' itemscope itemtype='http:\/\/schema.org\/ImageObject'>\n\t\t\t\t   <span itemprop='url'>http:\/\/tonipinies.com\/wp-content\/uploads\/2015\/07\/logo-toni-piniesb.png<\/span>\n\t\t\t\t <\/span>\n\t\t\t  <\/span><span class='av-structured-data'  itemprop=\"author\" itemscope=\"itemscope\" itemtype=\"https:\/\/schema.org\/Person\" ><span itemprop='name'>tonipinies<\/span><\/span><span class='av-structured-data'  itemprop=\"datePublished\" datetime=\"\" >2019-10-15 08:30:27<\/span><span class='av-structured-data'  itemprop=\"dateModified\" itemtype=\"https:\/\/schema.org\/dateModified\" >2019-10-14 08:52:37<\/span><span class='av-structured-data'  itemprop=\"mainEntityOfPage\" itemtype=\"https:\/\/schema.org\/mainEntityOfPage\" ><span itemprop='name'>Conectarnos al prop\u00f3sito nos da m\u00e1s vida<\/span><\/span><\/span><\/article><article class='post-entry post-entry-type-standard post-entry-2095 post-loop-2 post-parity-even single-small with-slider post-2095 post type-post status-publish format-standard has-post-thumbnail hentry category-coaching category-desarrollo-personal category-liderazgo-personal category-reinvencion-profesional tag-motivacion tag-proposito tag-sentido'  itemscope=\"itemscope\" itemtype=\"https:\/\/schema.org\/BlogPosting\" ><div class='blog-meta'><a href='https:\/\/tonipinies.com\/trabajo-carrera-proposito-mueve-las-personas\/' class='small-preview' title='Trabajo, carrera o prop\u00f3sito: \u00bfQu\u00e9 mueve a las personas?'><img loading=\"lazy\" decoding=\"async\" width=\"180\" height=\"180\" src=\"https:\/\/tonipinies.com\/wp-content\/uploads\/2019\/09\/man-3365368_1920-180x180.jpg\" class=\"attachment-square size-square wp-post-image\" alt=\"\" srcset=\"https:\/\/tonipinies.com\/wp-content\/uploads\/2019\/09\/man-3365368_1920-180x180.jpg 180w, https:\/\/tonipinies.com\/wp-content\/uploads\/2019\/09\/man-3365368_1920-80x80.jpg 80w, https:\/\/tonipinies.com\/wp-content\/uploads\/2019\/09\/man-3365368_1920-36x36.jpg 36w, https:\/\/tonipinies.com\/wp-content\/uploads\/2019\/09\/man-3365368_1920-120x120.jpg 120w, https:\/\/tonipinies.com\/wp-content\/uploads\/2019\/09\/man-3365368_1920-450x450.jpg 450w\" sizes=\"auto, (max-width: 180px) 100vw, 180px\" \/><span class=\"iconfont\" aria-hidden='true' data-av_icon='\ue836' data-av_iconfont='entypo-fontello'><\/span><\/a><\/div><div class='entry-content-wrapper clearfix standard-content'><header class=\"entry-content-header\"><h2 class='post-title entry-title'  itemprop=\"headline\" >\t<a href='https:\/\/tonipinies.com\/trabajo-carrera-proposito-mueve-las-personas\/' rel='bookmark' title='Permanent Link: Trabajo, carrera o prop\u00f3sito: \u00bfQu\u00e9 mueve a las personas?'>Trabajo, carrera o prop\u00f3sito: \u00bfQu\u00e9 mueve a las personas?\t\t\t<span class='post-format-icon minor-meta'><\/span>\t<\/a><\/h2><span class='post-meta-infos'><time class='date-container minor-meta updated' ><\/time><span class='text-sep text-sep-date'>\/<\/span><span class='comment-container minor-meta'><a href=\"https:\/\/tonipinies.com\/trabajo-carrera-proposito-mueve-las-personas\/#respond\" class=\"comments-link\" >0 Comments<\/a><\/span><span class='text-sep text-sep-comment'>\/<\/span><span class=\"blog-categories minor-meta\">in <a href=\"https:\/\/tonipinies.com\/category\/coaching\/\" rel=\"tag\">Coaching<\/a>, <a href=\"https:\/\/tonipinies.com\/category\/desarrollo-personal\/\" rel=\"tag\">Desarrollo Personal<\/a>, <a href=\"https:\/\/tonipinies.com\/category\/liderazgo-personal\/\" rel=\"tag\">Liderazgo y Desarrollo Personal<\/a>, <a href=\"https:\/\/tonipinies.com\/category\/reinvencion-profesional\/\" rel=\"tag\">Reinvenci\u00f3n Profesional<\/a> <\/span><span class=\"text-sep text-sep-cat\">\/<\/span><span class=\"blog-author minor-meta\">by <span class=\"entry-author-link\" ><span class=\"vcard author\"><span class=\"fn\"><a href=\"https:\/\/tonipinies.com\/ca\/author\/tonipinies\/\" title=\"Entrades de \" rel=\"author\"><\/a><\/span><\/span><\/span><\/span><\/span><\/header><div class=\"entry-content\"  itemprop=\"text\" ><p>&nbsp; Trabajo, carrera o prop\u00f3sito: \u00bfQu\u00e9 mueve a las personas? A menudo, ante una o un grupo de personas, me surge esta pregunta \u00bfA esta persona qu\u00e9 le mueve? Mantengo contacto mensual con m\u00e1s de cien personas de forma regular; participantes de talleres de desarrollo profesional, procesos de acompa\u00f1amiento individual o empresas que buscan nuevas ideas y estrategias para ser m\u00e1s competitivos. Es habitual. Cuando surgen cuestiones de motivaci\u00f3n aparecen tres grandes grupos. Los que quieren un trabajo: Existen much\u00edsimas personas que cambian su tiempo por dinero, y no tienen un deseo especial de sentir una gran motivaci\u00f3n o tal vez han aprendido a no esperarla; quieren un trabajo que [&hellip;]<\/p>\n<div class=\"read-more-link\"><a href=\"https:\/\/tonipinies.com\/trabajo-carrera-proposito-mueve-las-personas\/\" class=\"more-link\">Llegir m\u00e9s<span class=\"more-link-arrow\"><\/span><\/a><\/div>\n<\/div><footer class=\"entry-footer\"><\/footer><div class='post_delimiter'><\/div><\/div><div class='post_author_timeline'><\/div><span class='hidden'>\n\t\t\t<span class='av-structured-data'  itemscope=\"itemscope\" itemtype=\"https:\/\/schema.org\/ImageObject\"  itemprop='image'>\n\t\t\t\t\t   <span itemprop='url' >https:\/\/tonipinies.com\/wp-content\/uploads\/2019\/09\/man-3365368_1920.jpg<\/span>\n\t\t\t\t\t   <span itemprop='height' >1552<\/span>\n\t\t\t\t\t   <span itemprop='width' >1920<\/span>\n\t\t\t\t  <\/span><span class='av-structured-data'  itemprop=\"publisher\" itemtype=\"https:\/\/schema.org\/Organization\" itemscope=\"itemscope\" >\n\t\t\t\t<span itemprop='name'>tonipinies<\/span>\n\t\t\t\t<span itemprop='logo' itemscope itemtype='http:\/\/schema.org\/ImageObject'>\n\t\t\t\t   <span itemprop='url'>http:\/\/tonipinies.com\/wp-content\/uploads\/2015\/07\/logo-toni-piniesb.png<\/span>\n\t\t\t\t <\/span>\n\t\t\t  <\/span><span class='av-structured-data'  itemprop=\"author\" itemscope=\"itemscope\" itemtype=\"https:\/\/schema.org\/Person\" ><span itemprop='name'>tonipinies<\/span><\/span><span class='av-structured-data'  itemprop=\"datePublished\" datetime=\"\" >2019-09-23 16:59:03<\/span><span class='av-structured-data'  itemprop=\"dateModified\" itemtype=\"https:\/\/schema.org\/dateModified\" >2019-09-25 17:16:24<\/span><span class='av-structured-data'  itemprop=\"mainEntityOfPage\" itemtype=\"https:\/\/schema.org\/mainEntityOfPage\" ><span itemprop='name'>Trabajo, carrera o prop\u00f3sito: \u00bfQu\u00e9 mueve a las personas?<\/span><\/span><\/span><\/article><article class='post-entry post-entry-type-standard post-entry-2085 post-loop-3 post-parity-odd single-small  post-2085 post type-post status-publish format-standard hentry category-cambio-profesional category-coaching category-desarrollo-personal category-liderazgo-personal category-reinvencion-profesional'  itemscope=\"itemscope\" itemtype=\"https:\/\/schema.org\/BlogPosting\" ><div class='blog-meta'><a href='https:\/\/tonipinies.com\/historias-cambio-sefora-bermudez-vivir-sin-migrana\/' class='small-preview' title='Historias de Cambio con S\u00e9fora Berm\u00fadez. Vivir sin migra\u00f1a'><span class=\"iconfont\" aria-hidden='true' data-av_icon='\ue836' data-av_iconfont='entypo-fontello'><\/span><\/a><\/div><div class='entry-content-wrapper clearfix standard-content'><header class=\"entry-content-header\"><h2 class='post-title entry-title'  itemprop=\"headline\" >\t<a href='https:\/\/tonipinies.com\/historias-cambio-sefora-bermudez-vivir-sin-migrana\/' rel='bookmark' title='Permanent Link: Historias de Cambio con S\u00e9fora Berm\u00fadez. Vivir sin migra\u00f1a'>Historias de Cambio con S\u00e9fora Berm\u00fadez. Vivir sin migra\u00f1a\t\t\t<span class='post-format-icon minor-meta'><\/span>\t<\/a><\/h2><span class='post-meta-infos'><time class='date-container minor-meta updated' ><\/time><span class='text-sep text-sep-date'>\/<\/span><span class='comment-container minor-meta'><a href=\"https:\/\/tonipinies.com\/historias-cambio-sefora-bermudez-vivir-sin-migrana\/#respond\" class=\"comments-link\" >0 Comments<\/a><\/span><span class='text-sep text-sep-comment'>\/<\/span><span class=\"blog-categories minor-meta\">in <a href=\"https:\/\/tonipinies.com\/category\/cambio-profesional\/\" rel=\"tag\">Cambio profesional<\/a>, <a href=\"https:\/\/tonipinies.com\/category\/coaching\/\" rel=\"tag\">Coaching<\/a>, <a href=\"https:\/\/tonipinies.com\/category\/desarrollo-personal\/\" rel=\"tag\">Desarrollo Personal<\/a>, <a href=\"https:\/\/tonipinies.com\/category\/liderazgo-personal\/\" rel=\"tag\">Liderazgo y Desarrollo Personal<\/a>, <a href=\"https:\/\/tonipinies.com\/category\/reinvencion-profesional\/\" rel=\"tag\">Reinvenci\u00f3n Profesional<\/a> <\/span><span class=\"text-sep text-sep-cat\">\/<\/span><span class=\"blog-author minor-meta\">by <span class=\"entry-author-link\" ><span class=\"vcard author\"><span class=\"fn\"><a href=\"https:\/\/tonipinies.com\/ca\/author\/tonipinies\/\" title=\"Entrades de \" rel=\"author\"><\/a><\/span><\/span><\/span><\/span><\/span><\/header><div class=\"entry-content\"  itemprop=\"text\" ><p>\u00bfSe puede tener una vida secuestrada por el dolor? Decididamente s\u00ed. Esta es la historia de S\u00e9fora Berm\u00fadez, una catalana de origen gaditano que sufri\u00f3 migra\u00f1as gran parte de su vida hasta que logr\u00f3 hacer de la superaci\u00f3n de su sufrimiento, un regalo para otras personas a trav\u00e9s de un m\u00e9todo que combina h\u00e1bitos, alimentaci\u00f3n y alg\u00fan otro secreto que puedes encontrar en https:\/\/seforabermudez.com\/ . Me propuse entrevistar a S\u00e9fora por algunos motivos que quiero compartirte; el primero de ellos es que es una persona muy determinada y pr\u00e1ctica y me gustan las personas as\u00ed; el segundo es que tiene un proyecto que empez\u00f3 con grandes madrugones. S\u00e9fora se levantaba [&hellip;]<\/p>\n<div class=\"read-more-link\"><a href=\"https:\/\/tonipinies.com\/historias-cambio-sefora-bermudez-vivir-sin-migrana\/\" class=\"more-link\">Llegir m\u00e9s<span class=\"more-link-arrow\"><\/span><\/a><\/div>\n<\/div><footer class=\"entry-footer\"><\/footer><div class='post_delimiter'><\/div><\/div><div class='post_author_timeline'><\/div><span class='hidden'>\n\t\t\t<span class='av-structured-data'  itemscope=\"itemscope\" itemtype=\"https:\/\/schema.org\/ImageObject\"  itemprop='image'>\n\t\t\t\t\t   <span itemprop='url' >http:\/\/tonipinies.com\/wp-content\/uploads\/2015\/07\/logo-toni-piniesb.png<\/span>\n\t\t\t\t\t   <span itemprop='height' >0<\/span>\n\t\t\t\t\t   <span itemprop='width' >0<\/span>\n\t\t\t\t  <\/span><span class='av-structured-data'  itemprop=\"publisher\" itemtype=\"https:\/\/schema.org\/Organization\" itemscope=\"itemscope\" >\n\t\t\t\t<span itemprop='name'>tonipinies<\/span>\n\t\t\t\t<span itemprop='logo' itemscope itemtype='http:\/\/schema.org\/ImageObject'>\n\t\t\t\t   <span itemprop='url'>http:\/\/tonipinies.com\/wp-content\/uploads\/2015\/07\/logo-toni-piniesb.png<\/span>\n\t\t\t\t <\/span>\n\t\t\t  <\/span><span class='av-structured-data'  itemprop=\"author\" itemscope=\"itemscope\" itemtype=\"https:\/\/schema.org\/Person\" ><span itemprop='name'>tonipinies<\/span><\/span><span class='av-structured-data'  itemprop=\"datePublished\" datetime=\"\" >2018-04-12 22:27:44<\/span><span class='av-structured-data'  itemprop=\"dateModified\" itemtype=\"https:\/\/schema.org\/dateModified\" >2018-04-13 08:57:02<\/span><span class='av-structured-data'  itemprop=\"mainEntityOfPage\" itemtype=\"https:\/\/schema.org\/mainEntityOfPage\" ><span itemprop='name'>Historias de Cambio con S\u00e9fora Berm\u00fadez. Vivir sin migra\u00f1a<\/span><\/span><\/span><\/article><article class='post-entry post-entry-type-standard post-entry-1187 post-loop-4 post-parity-even post-entry-last single-small  post-1187 post type-post status-publish format-standard hentry category-coaching-ca category-liderazgo-personal-ca tag-canvi-personal tag-romper-limites-ca'  itemscope=\"itemscope\" itemtype=\"https:\/\/schema.org\/BlogPosting\" ><div class='blog-meta'><a href='https:\/\/tonipinies.com\/ca\/14-aprendizajes-correr-una-meta\/' class='small-preview' title='&#8220;14 aprendizajes que me ha dado correr por una meta!&#8221;'><span class=\"iconfont\" aria-hidden='true' data-av_icon='\ue836' data-av_iconfont='entypo-fontello'><\/span><\/a><\/div><div class='entry-content-wrapper clearfix standard-content'><header class=\"entry-content-header\"><h2 class='post-title entry-title'  itemprop=\"headline\" >\t<a href='https:\/\/tonipinies.com\/ca\/14-aprendizajes-correr-una-meta\/' rel='bookmark' title='Permanent Link: &#8220;14 aprendizajes que me ha dado correr por una meta!&#8221;'>&#8220;14 aprendizajes que me ha dado correr por una meta!&#8221;\t\t\t<span class='post-format-icon minor-meta'><\/span>\t<\/a><\/h2><span class='post-meta-infos'><time class='date-container minor-meta updated' ><\/time><span class='text-sep text-sep-date'>\/<\/span><span class='comment-container minor-meta'><a href=\"https:\/\/tonipinies.com\/ca\/14-aprendizajes-correr-una-meta\/#respond\" class=\"comments-link\" >0 Comments<\/a><\/span><span class='text-sep text-sep-comment'>\/<\/span><span class=\"blog-categories minor-meta\">in <a href=\"https:\/\/tonipinies.com\/ca\/category\/coaching-ca\/\" rel=\"tag\">Coaching<\/a>, <a href=\"https:\/\/tonipinies.com\/ca\/category\/liderazgo-personal-ca\/\" rel=\"tag\">Liderazgo y Desarrollo Personal<\/a> <\/span><span class=\"text-sep text-sep-cat\">\/<\/span><span class=\"blog-author minor-meta\">by <span class=\"entry-author-link\" ><span class=\"vcard author\"><span class=\"fn\"><a href=\"https:\/\/tonipinies.com\/ca\/author\/tonipinies\/\" title=\"Entrades de \" rel=\"author\"><\/a><\/span><\/span><\/span><\/span><\/span><\/header><div class=\"entry-content\"  itemprop=\"text\" ><p>Hace poco m\u00e1s de dos semanas corr\u00ed mi primera media marat\u00f3n, 21 km de un tir\u00f3n, algo impensable hace cuatro d\u00edas para m\u00ed y al finalizar me sent\u00ed feliz, pleno y con una emoci\u00f3n tan grande que ten\u00eda unas ganas de llorar enormes, y lo hice, lo de la marat\u00f3n digo y lo de llorar tambi\u00e9n.;-) Seguro que te planteas porque te cuento esto, es normal; mis post suelen ser de pnl, desarrollo organizativo, sistemas de gesti\u00f3n del desempe\u00f1o, constelaciones organizacionales\u2026bueno, si mes sigues un poco ya sabes. Te cuento: Me inici\u00e9 en esto de correr creo que fue hace 4 a\u00f1os, cuando despu\u00e9s de levantarme por la ma\u00f1ana, mis [&hellip;]<\/p>\n<div class=\"read-more-link\"><a href=\"https:\/\/tonipinies.com\/ca\/14-aprendizajes-correr-una-meta\/\" class=\"more-link\">Llegir m\u00e9s<span class=\"more-link-arrow\"><\/span><\/a><\/div>\n<\/div><footer class=\"entry-footer\"><\/footer><div class='post_delimiter'><\/div><\/div><div class='post_author_timeline'><\/div><span class='hidden'>\n\t\t\t<span class='av-structured-data'  itemscope=\"itemscope\" itemtype=\"https:\/\/schema.org\/ImageObject\"  itemprop='image'>\n\t\t\t\t\t   <span itemprop='url' >http:\/\/tonipinies.com\/wp-content\/uploads\/2015\/07\/logo-toni-piniesb.png<\/span>\n\t\t\t\t\t   <span itemprop='height' >0<\/span>\n\t\t\t\t\t   <span itemprop='width' >0<\/span>\n\t\t\t\t  <\/span><span class='av-structured-data'  itemprop=\"publisher\" itemtype=\"https:\/\/schema.org\/Organization\" itemscope=\"itemscope\" >\n\t\t\t\t<span itemprop='name'>tonipinies<\/span>\n\t\t\t\t<span itemprop='logo' itemscope itemtype='http:\/\/schema.org\/ImageObject'>\n\t\t\t\t   <span itemprop='url'>http:\/\/tonipinies.com\/wp-content\/uploads\/2015\/07\/logo-toni-piniesb.png<\/span>\n\t\t\t\t <\/span>\n\t\t\t  <\/span><span class='av-structured-data'  itemprop=\"author\" itemscope=\"itemscope\" itemtype=\"https:\/\/schema.org\/Person\" ><span itemprop='name'>tonipinies<\/span><\/span><span class='av-structured-data'  itemprop=\"datePublished\" datetime=\"\" >2016-04-20 08:00:16<\/span><span class='av-structured-data'  itemprop=\"dateModified\" itemtype=\"https:\/\/schema.org\/dateModified\" >2016-04-21 09:02:35<\/span><span class='av-structured-data'  itemprop=\"mainEntityOfPage\" itemtype=\"https:\/\/schema.org\/mainEntityOfPage\" ><span itemprop='name'>\"14 aprendizajes que me ha dado correr por una meta!\"<\/span><\/span><\/span><\/article><div class='single-small'><nav class='pagination'><span class='pagination-meta'>P\u00e0gina 1 de 11<\/span><span class='current'>1<\/span><a href='https:\/\/tonipinies.com\/ca\/wp-json\/wp\/v2\/pages\/1034\/page\/2\/' class='inactive' >2<\/a><a href='https:\/\/tonipinies.com\/ca\/wp-json\/wp\/v2\/pages\/1034\/page\/3\/' class='inactive' >3<\/a><a href='https:\/\/tonipinies.com\/ca\/wp-json\/wp\/v2\/pages\/1034\/page\/2\/'>&rsaquo;<\/a><a href='https:\/\/tonipinies.com\/ca\/wp-json\/wp\/v2\/pages\/1034\/page\/11\/'>&raquo;<\/a><\/nav>\n<\/div><\/div>\n","protected":false},"excerpt":{"rendered":"","protected":false},"author":1,"featured_media":0,"parent":0,"menu_order":0,"comment_status":"open","ping_status":"open","template":"","meta":{"_monsterinsights_skip_tracking":false,"_monsterinsights_sitenote_active":false,"_monsterinsights_sitenote_note":"","_monsterinsights_sitenote_category":0,"_uf_show_specific_survey":0,"_uf_disable_surveys":false,"footnotes":""},"class_list":["post-1034","page","type-page","status-publish","hentry"],"aioseo_notices":[],"_links":{"self":[{"href":"https:\/\/tonipinies.com\/ca\/wp-json\/wp\/v2\/pages\/1034","targetHints":{"allow":["GET"]}}],"collection":[{"href":"https:\/\/tonipinies.com\/ca\/wp-json\/wp\/v2\/pages"}],"about":[{"href":"https:\/\/tonipinies.com\/ca\/wp-json\/wp\/v2\/types\/page"}],"author":[{"embeddable":true,"href":"https:\/\/tonipinies.com\/ca\/wp-json\/wp\/v2\/users\/1"}],"replies":[{"embeddable":true,"href":"https:\/\/tonipinies.com\/ca\/wp-json\/wp\/v2\/comments?post=1034"}],"version-history":[{"count":0,"href":"https:\/\/tonipinies.com\/ca\/wp-json\/wp\/v2\/pages\/1034\/revisions"}],"wp:attachment":[{"href":"https:\/\/tonipinies.com\/ca\/wp-json\/wp\/v2\/media?parent=1034"}],"curies":[{"name":"wp","href":"https:\/\/api.w.org\/{rel}","templated":true}]}}