{"id":1036,"date":"2015-11-16T20:25:02","date_gmt":"2015-11-16T20:25:02","guid":{"rendered":"http:\/\/tonipinies.com\/ca\/consultoria-y-desarrollo-organizacional\/"},"modified":"2016-02-17T18:17:47","modified_gmt":"2016-02-17T18:17:47","slug":"consultoria-i-desenvolupament-organitzatiu-sistemic","status":"publish","type":"page","link":"https:\/\/tonipinies.com\/ca\/consultoria-i-desenvolupament-organitzatiu-sistemic\/","title":{"rendered":"Consultoria i Desenvolupament Organitzatiu Sist\u00e8mic"},"content":{"rendered":"<\/div><\/div><\/div><!-- close content main div --><\/div><\/div><div id='av_section_1' class='avia-section main_color avia-section-default avia-no-shadow avia-full-stretch av-parallax-section av-section-color-overlay-active avia-bg-style-parallax    av-minimum-height av-minimum-height-custom container_wrap sidebar_right'  data-section-bg-repeat='stretch' ><div class='av-parallax' data-avia-parallax-ratio='0.3' ><div class='av-parallax-inner main_color  avia-full-stretch' style = 'background-repeat: no-repeat; background-image: url(https:\/\/tonipinies.com\/wp-content\/uploads\/2015\/11\/tonipinies-servicios-consultoria-coaching-elearning.jpg); background-attachment: scroll; background-position: center center; ' ><\/div><\/div><div class='av-section-color-overlay-wrap'><div class='av-section-color-overlay' style='opacity: 0.5; background-color: #0a0a0a; '><\/div><div class='container' style='height:350px'><div class='template-page content  av-content-small alpha units'><div class='post-entry post-entry-type-page post-entry-1036'><div class='entry-content-wrapper clearfix'>\n<div style='padding-bottom:0px;color:#ffffff;font-size:38px;' class='av-special-heading av-special-heading-h1 custom-color-heading blockquote modern-quote   av-inherit-size '><h1 class='av-special-heading-tag '  itemprop=\"headline\"  >Consultoria i Desenvolupament Organitzatiu Sist\u00e8mic<\/h1><div class ='av-subheading av-subheading_below av_custom_color ' style='font-size:18px;'><p>Acompanyem el voler fer<\/p>\n<\/div><div class='special-heading-border'><div class='special-heading-inner-border' style='border-color:#ffffff'><\/div><\/div><\/div>\n<\/div><\/div><\/div><!-- close content main div --><\/div><\/div><\/div><div id='after_section_1' class='main_color av_default_container_wrap container_wrap sidebar_right'   ><div class='container' ><div class='template-page content  av-content-small alpha units'><div class='post-entry post-entry-type-page post-entry-1036'><div class='entry-content-wrapper clearfix'>\n<\/div><\/div><\/div><!-- close content main div --><\/div><\/div><div id='av_section_2' class='avia-section main_color avia-section-default avia-no-border-styling avia-bg-style-scroll    container_wrap sidebar_right'   ><div class='container' ><div class='template-page content  av-content-small alpha units'><div class='post-entry post-entry-type-page post-entry-1036'><div class='entry-content-wrapper clearfix'>\n<div class=\"flex_column av_one_full  flex_column_div av-zero-column-padding first  \" style='border-radius:0px; '><section class=\"av_textblock_section \"  itemscope=\"itemscope\" itemtype=\"https:\/\/schema.org\/CreativeWork\" ><div class='avia_textblock  '  style='font-size:18px; '  itemprop=\"text\" ><p><strong>La Consultoria d&#8217;Organitzaci\u00f3 i Recursos Humans<\/strong> t\u00e9 com a missi\u00f3 <strong>fer que les persones vulguin fer<\/strong>.<\/p>\n<p>Oferim els nostres serveis a organitzacions compromeses amb les seves persones. El disseny d&#8217;organitzaci\u00f3, procediments de treball, claredat de funcions, equitat salarial i sistemes de mesura de la contribuci\u00f3 personal. Tot orientat al fet que les persones puguin i vulguin donar el millor d&#8217;elles mateixes. Recolzem al desenvolupament de les organitzacions a trav\u00e9s d&#8217;una mirada que considera tot el sistema organitzatiu per garantir la transformaci\u00f3 necess\u00e0ria.<\/p>\n<p>Acompanyem processos de millora organitzativa orientats a afavorir <strong>que vulguin fer<\/strong>. Treballem per generar noves possibilitats i alternatives gr\u00e0cies a la identificaci\u00f3 de majors opcions, la implantaci\u00f3 d&#8217;eines i recursos i la connexi\u00f3 amb el sentit de missi\u00f3 i visi\u00f3 de cada individu, equip o empresa.<\/p>\n<p>La nostra forma d&#8217;actuar \u00e9s respectuosa amb les persones i els principis de l&#8217;organitzaci\u00f3. Els processos de desenvolupament organitzatiu\u00a0sist\u00e8mic acompanyen l&#8217;\u00f2ptim acompliment dels professionals a trav\u00e9s d&#8217;ajustos en l&#8217;estrat\u00e8gia i l&#8217;estructura, alineament de persones i negoci, capacitaci\u00f3 i desenvolupament d&#8217;eines per a la transfer\u00e8ncia de coneixement<\/p>\n<p>Programes:<\/p>\n<\/div><\/section><\/div><div class='avia-table main_color avia-pricing-table-container  avia_pricing_minimal  avia-table-1  tabla-consultoria'  itemscope=\"itemscope\" itemtype=\"https:\/\/schema.org\/Table\" ><div class='pricing-table-wrap'><ul class='pricing-table '><li class='avia-heading-row'><div class='first-table-item'>FLOW \u00a9 Diagn\u00f2stic de situaci\u00f3 actual<br \/><\/div><span class='pricing-extra'><\/span><\/li><li class=''>Quina estrat\u00e8gia \u00e9s millor?<\/p><\/li><li class=''>Test del model de negoci<\/li><li class=''>Qu\u00e8 succeeix amb les vendes?<\/li><li class=''>Qu\u00e8 succeeix en l&#8217;equip?<\/li><\/ul><\/div><div class='pricing-table-wrap'><ul class='pricing-table '><li class='avia-heading-row'><div class='first-table-item'><strong>SEED \u00a9<\/strong> Disseny: Explorar alternatives d&#8217;acci\u00f3<\/div><span class='pricing-extra'><\/span><\/li><li class=''>Quina estrat\u00e8gia \u00e9s millor?<\/li><li class=''>Quina estructura \u00e9s millor per complir la meva missi\u00f3?<\/li><li class=''>Quin curs d&#8217;acci\u00f3 \u00e9s millor?<\/li><li class=''>Com respon el client davant les diferents opcions?<\/li><\/ul><\/div><div class='pricing-table-wrap'><ul class='pricing-table '><li class='avia-heading-row'><div class='first-table-item'><strong>GROW\u00a9<\/strong>: Gesti\u00f3 Sist\u00e8mica del Canvi<\/div><span class='pricing-extra'><\/span><\/li><li class=''>Qu\u00e8 hem de considerar i no estem veient?<\/li><li class=''>Definici\u00f3 de plans i passos<\/li><li class=''>Identificaci\u00f3 de persones clau<\/li><li class=''>Desplegament de l&#8217;estrat\u00e8gia<\/li><\/ul><\/div><\/div>\n<section class=\"av_textblock_section \"  itemscope=\"itemscope\" itemtype=\"https:\/\/schema.org\/CreativeWork\" ><div class='avia_textblock  '  style='font-size:18px; '  itemprop=\"text\" ><p style=\"text-align: center;\">Pots veure m\u00e9s informaci\u00f3 a\u00a0<a href=\"http:\/\/www.valorsipersones.com\" target=\"_blank\">Valors &amp; Persones<\/a><\/p>\n<\/div><\/section>\n<\/div><\/div><\/div><!-- close content main div --><\/div><\/div><div id='after_section_2' class='main_color av_default_container_wrap container_wrap sidebar_right'   ><div class='container' ><div class='template-page content  av-content-small alpha units'><div class='post-entry post-entry-type-page post-entry-1036'><div class='entry-content-wrapper clearfix'>\n","protected":false},"excerpt":{"rendered":"","protected":false},"author":1,"featured_media":0,"parent":0,"menu_order":0,"comment_status":"closed","ping_status":"closed","template":"","meta":{"_monsterinsights_skip_tracking":false,"_monsterinsights_sitenote_active":false,"_monsterinsights_sitenote_note":"","_monsterinsights_sitenote_category":0,"_uf_show_specific_survey":0,"_uf_disable_surveys":false,"footnotes":""},"class_list":["post-1036","page","type-page","status-publish","hentry"],"aioseo_notices":[],"_links":{"self":[{"href":"https:\/\/tonipinies.com\/ca\/wp-json\/wp\/v2\/pages\/1036","targetHints":{"allow":["GET"]}}],"collection":[{"href":"https:\/\/tonipinies.com\/ca\/wp-json\/wp\/v2\/pages"}],"about":[{"href":"https:\/\/tonipinies.com\/ca\/wp-json\/wp\/v2\/types\/page"}],"author":[{"embeddable":true,"href":"https:\/\/tonipinies.com\/ca\/wp-json\/wp\/v2\/users\/1"}],"replies":[{"embeddable":true,"href":"https:\/\/tonipinies.com\/ca\/wp-json\/wp\/v2\/comments?post=1036"}],"version-history":[{"count":4,"href":"https:\/\/tonipinies.com\/ca\/wp-json\/wp\/v2\/pages\/1036\/revisions"}],"predecessor-version":[{"id":1099,"href":"https:\/\/tonipinies.com\/ca\/wp-json\/wp\/v2\/pages\/1036\/revisions\/1099"}],"wp:attachment":[{"href":"https:\/\/tonipinies.com\/ca\/wp-json\/wp\/v2\/media?parent=1036"}],"curies":[{"name":"wp","href":"https:\/\/api.w.org\/{rel}","templated":true}]}}