{"id":1039,"date":"2015-12-09T22:35:33","date_gmt":"2015-12-09T22:35:33","guid":{"rendered":"http:\/\/tonipinies.com\/ca\/e-learning\/"},"modified":"2016-02-17T18:26:44","modified_gmt":"2016-02-17T18:26:44","slug":"e-learning","status":"publish","type":"page","link":"https:\/\/tonipinies.com\/ca\/e-learning\/","title":{"rendered":"e-LEARNING. Apr\u00e8n i progressa"},"content":{"rendered":"<\/div><\/div><\/div><!-- close content main div --><\/div><\/div><div id='av_section_1' class='avia-section main_color avia-section-default avia-no-shadow avia-full-stretch av-parallax-section av-section-color-overlay-active avia-bg-style-parallax    av-minimum-height av-minimum-height-custom container_wrap sidebar_right'  data-section-bg-repeat='stretch' ><div class='av-parallax' data-avia-parallax-ratio='0.3' ><div class='av-parallax-inner main_color  avia-full-stretch' style = 'background-repeat: no-repeat; background-image: url(https:\/\/tonipinies.com\/wp-content\/uploads\/2015\/11\/tonipinies-servicios-consultoria-coaching-desarrollo-talento.jpg); background-attachment: scroll; background-position: center center; ' ><\/div><\/div><div class='av-section-color-overlay-wrap'><div class='av-section-color-overlay' style='opacity: 0.5; background-color: #0a0a0a; '><\/div><div class='container' style='height:350px'><div class='template-page content  av-content-small alpha units'><div class='post-entry post-entry-type-page post-entry-1039'><div class='entry-content-wrapper clearfix'>\n<div style='padding-bottom:0px;color:#ffffff;font-size:40px;' class='av-special-heading av-special-heading-h1 custom-color-heading blockquote modern-quote   av-inherit-size '><h1 class='av-special-heading-tag '  itemprop=\"headline\"  >e-LEARNING<\/h1><div class ='av-subheading av-subheading_below av_custom_color ' style='font-size:18px;'><p>A un sol clic per a que puguis brillar<\/p>\n<\/div><div class='special-heading-border'><div class='special-heading-inner-border' style='border-color:#ffffff'><\/div><\/div><\/div>\n<\/div><\/div><\/div><!-- close content main div --><\/div><\/div><\/div><div id='after_section_1' class='main_color av_default_container_wrap container_wrap sidebar_right'   ><div class='container' ><div class='template-page content  av-content-small alpha units'><div class='post-entry post-entry-type-page post-entry-1039'><div class='entry-content-wrapper clearfix'>\n<\/div><\/div><\/div><!-- close content main div --><\/div><\/div><div id='av_section_2' class='avia-section main_color avia-section-default avia-no-shadow avia-bg-style-scroll   container_wrap sidebar_right'   ><div class='container' ><div class='template-page content  av-content-small alpha units'><div class='post-entry post-entry-type-page post-entry-1039'><div class='entry-content-wrapper clearfix'>\n<div class=\"flex_column av_one_full  flex_column_div av-zero-column-padding first  \" style='border-radius:0px; '><section class=\"av_textblock_section \"  itemscope=\"itemscope\" itemtype=\"https:\/\/schema.org\/CreativeWork\" ><div class='avia_textblock  '  style='font-size:18px; '  itemprop=\"text\" ><p><strong>e-LEARNING:<\/strong><\/p>\n<p>Disposem de programes de desenvolupament a trav\u00e9s de la nostra plataforma d&#8217;e-learning \u201cCreatalento\u201d. Aquests programes tenen entitat pr\u00f2pia o acompanyen diferents etapes del proc\u00e9s d&#8217;aprenentatge dels projectes de formaci\u00f3 i desenvolupament. Personalitzem programes e-learning amb formats combinats que inclouen seguiment individualitzat. Participa dels nostres programes i comprova qu\u00e8 tan f\u00e0cil \u00e9s progressar.<\/p>\n<p>Descarrega&#8217;t el nostre mini curs\u00a0\u201c<a href=\"http:\/\/creatalento.com\/\">Com fer del teu equip un aliat? (en castell\u00e0)<\/a>&#8221;<\/p>\n<\/div><\/section><\/div><\/div><\/div><\/div><!-- close content main div --><\/div><\/div><div id='after_section_2' class='main_color av_default_container_wrap container_wrap sidebar_right'   ><div class='container' ><div class='template-page content  av-content-small alpha units'><div class='post-entry post-entry-type-page post-entry-1039'><div class='entry-content-wrapper clearfix'>\n","protected":false},"excerpt":{"rendered":"","protected":false},"author":1,"featured_media":0,"parent":0,"menu_order":0,"comment_status":"closed","ping_status":"closed","template":"","meta":{"_monsterinsights_skip_tracking":false,"_monsterinsights_sitenote_active":false,"_monsterinsights_sitenote_note":"","_monsterinsights_sitenote_category":0,"_uf_show_specific_survey":0,"_uf_disable_surveys":false,"footnotes":""},"class_list":["post-1039","page","type-page","status-publish","hentry"],"aioseo_notices":[],"_links":{"self":[{"href":"https:\/\/tonipinies.com\/ca\/wp-json\/wp\/v2\/pages\/1039","targetHints":{"allow":["GET"]}}],"collection":[{"href":"https:\/\/tonipinies.com\/ca\/wp-json\/wp\/v2\/pages"}],"about":[{"href":"https:\/\/tonipinies.com\/ca\/wp-json\/wp\/v2\/types\/page"}],"author":[{"embeddable":true,"href":"https:\/\/tonipinies.com\/ca\/wp-json\/wp\/v2\/users\/1"}],"replies":[{"embeddable":true,"href":"https:\/\/tonipinies.com\/ca\/wp-json\/wp\/v2\/comments?post=1039"}],"version-history":[{"count":4,"href":"https:\/\/tonipinies.com\/ca\/wp-json\/wp\/v2\/pages\/1039\/revisions"}],"predecessor-version":[{"id":1079,"href":"https:\/\/tonipinies.com\/ca\/wp-json\/wp\/v2\/pages\/1039\/revisions\/1079"}],"wp:attachment":[{"href":"https:\/\/tonipinies.com\/ca\/wp-json\/wp\/v2\/media?parent=1039"}],"curies":[{"name":"wp","href":"https:\/\/api.w.org\/{rel}","templated":true}]}}