{"id":1041,"date":"2015-11-23T21:14:49","date_gmt":"2015-11-23T21:14:49","guid":{"rendered":"http:\/\/tonipinies.com\/ca\/home2\/"},"modified":"2016-10-07T14:42:47","modified_gmt":"2016-10-07T14:42:47","slug":"home2","status":"publish","type":"page","link":"https:\/\/tonipinies.com\/ca\/home2\/","title":{"rendered":"Home2"},"content":{"rendered":"<\/div><\/div><\/div><!-- close content main div --><\/div><\/div><div id='full_slider_1' class='avia-fullwidth-slider main_color avia-shadow    container_wrap sidebar_right'   ><div  data-size='featured_large'  data-lightbox_size='large'  data-animation='fade'  data-ids='927'  data-video_counter='0'  data-autoplay='true'  data-bg_slider='false'  data-slide_height=''  data-handle='av_slideshow_full'  data-interval='9'  data-class=' '  data-css_id=''  data-scroll_down=''  data-control_layout='av-control-minimal'  data-custom_markup=''  data-perma_caption=''  data-autoplay_stopper=''  data-image_attachment=''  data-min_height='0px'  data-src=''  data-position='top left'  data-repeat='no-repeat'  data-attach='scroll'  data-stretch=''  data-default-height='42'  class='avia-slideshow avia-slideshow-1  av-control-minimal av-default-height-applied avia-slideshow-featured_large av_slideshow_full   avia-fade-slider '  itemscope=\"itemscope\" itemtype=\"https:\/\/schema.org\/ImageObject\" ><ul class='avia-slideshow-inner' style='padding-bottom: 42%;'><\/ul><\/div><\/div>\n<div style='padding-bottom:0px;font-size:50px;' class='av-special-heading av-special-heading-h1  blockquote modern-quote modern-centered   av-inherit-size '><h1 class='av-special-heading-tag '  itemprop=\"headline\"  >\u00a1PORQUE BRILLAR ES VIVIR!<\/h1><div class='special-heading-border'><div class='special-heading-inner-border' ><\/div><\/div><\/div>\n<div class=\"flex_column av_one_full  flex_column_div av-zero-column-padding first  \" style='border-radius:0px; '><\/div>\n<\/div><\/div><\/div><!-- close content main div --><\/div><\/div><div id='home-box1' class='avia-section main_color avia-section-default avia-no-border-styling avia-bg-style-scroll   container_wrap sidebar_right'   ><div class='container' ><div class='template-page content  av-content-small alpha units'><div class='post-entry post-entry-type-page post-entry-1041'><div class='entry-content-wrapper clearfix'>\n<div class=\"flex_column av_one_fourth  flex_column_div av-zero-column-padding first  \" style='border-radius:0px; '><p><span class=\"av_font_icon avia_animate_when_visible  av-icon-style-border icones-serveis avia-icon-pos-center \" style=\"color:#686868; border-color:#686868;\"><a href='https:\/\/tonipinies.com\/consultoria-y-desarrollo-organizacional\/'   class='av-icon-char' style='font-size:50px;line-height:50px;width:50px;' aria-hidden='true' data-av_icon='\ue80b' data-av_iconfont='entypo-fontello' ><\/a><\/span><br \/>\n<div style='height:15px' class='hr hr-invisible   '><span class='hr-inner ' ><span class='hr-inner-style'><\/span><\/span><\/div><br \/>\n<div class='avia-button-wrap avia-button-center  '><a href='https:\/\/tonipinies.com\/consultoria-y-desarrollo-organizacional\/' class='avia-button   avia-icon_select-no avia-color-theme-color-subtle avia-size-small avia-position-center '   ><span class='avia_iconbox_title' >+ informaci\u00f3n<\/span><\/a><\/div><br \/>\n<div style='padding-bottom:30px;font-size:28px;' class='av-special-heading av-special-heading-h3  blockquote modern-quote modern-centered   av-inherit-size '><h3 class='av-special-heading-tag '  itemprop=\"headline\"  >Consultor\u00eda y desarrollo<\/h3><div class='special-heading-border'><div class='special-heading-inner-border' ><\/div><\/div><\/div><br \/>\n<section class=\"av_textblock_section \"  itemscope=\"itemscope\" itemtype=\"https:\/\/schema.org\/CreativeWork\" ><div class='avia_textblock  '  style='font-size:18px; '  itemprop=\"text\" ><p style=\"text-align: center;\">Crear modelos, sistema y planes de aprendizaje al servicio de organizaciones.<\/p>\n<\/div><\/section><\/p><\/div><div class=\"flex_column av_one_fourth  flex_column_div av-zero-column-padding   \" style='border-radius:0px; '><p><span class=\"av_font_icon avia_animate_when_visible  av-icon-style-border icones-serveis avia-icon-pos-center \" style=\"color:#686868; border-color:#686868;\"><a href='https:\/\/tonipinies.com\/coaching-sistemico-individual-y-de-equipo\/'   class='av-icon-char' style='font-size:50px;line-height:50px;width:50px;' aria-hidden='true' data-av_icon='\ue82b' data-av_iconfont='entypo-fontello' ><\/a><\/span><br \/>\n<div style='height:15px' class='hr hr-invisible   '><span class='hr-inner ' ><span class='hr-inner-style'><\/span><\/span><\/div><br \/>\n<div class='avia-button-wrap avia-button-center  '><a href='https:\/\/tonipinies.com\/coaching-sistemico-individual-y-de-equipo\/' class='avia-button   avia-icon_select-no avia-color-theme-color-subtle avia-size-small avia-position-center '   ><span class='avia_iconbox_title' >+ informaci\u00f3n<\/span><\/a><\/div><br \/>\n<div style='padding-bottom:30px;font-size:28px;' class='av-special-heading av-special-heading-h3  blockquote modern-quote modern-centered   av-inherit-size '><h3 class='av-special-heading-tag '  itemprop=\"headline\"  >Coaching sist\u00e9mico<\/h3><div class='special-heading-border'><div class='special-heading-inner-border' ><\/div><\/div><\/div><br \/>\n<section class=\"av_textblock_section \"  itemscope=\"itemscope\" itemtype=\"https:\/\/schema.org\/CreativeWork\" ><div class='avia_textblock  '  style='font-size:18px; '  itemprop=\"text\" ><p style=\"text-align: center;\">Facilitar una mayor perspectiva,\u00a0ayudar a reflexionar, tomar consciencia, &#8230;<\/p>\n<\/div><\/section><\/p><\/div><div class=\"flex_column av_one_fourth  flex_column_div av-zero-column-padding   \" style='border-radius:0px; '><p><span class=\"av_font_icon avia_animate_when_visible  av-icon-style-border icones-serveis avia-icon-pos-center \" style=\"color:#686868; border-color:#686868;\"><a href='https:\/\/tonipinies.com\/desarrollo-del-talento\/'   class='av-icon-char' style='font-size:50px;line-height:50px;width:50px;' aria-hidden='true' data-av_icon='\ue8bb' data-av_iconfont='entypo-fontello' ><\/a><\/span><br \/>\n<div style='height:15px' class='hr hr-invisible   '><span class='hr-inner ' ><span class='hr-inner-style'><\/span><\/span><\/div><br \/>\n<div class='avia-button-wrap avia-button-center  '><a href='https:\/\/tonipinies.com\/desarrollo-del-talento\/' class='avia-button   avia-icon_select-no avia-color-theme-color-subtle avia-size-small avia-position-center '   ><span class='avia_iconbox_title' >+ informaci\u00f3n<\/span><\/a><\/div><br \/>\n<div style='padding-bottom:30px;font-size:28px;' class='av-special-heading av-special-heading-h3  blockquote modern-quote modern-centered   av-inherit-size '><h3 class='av-special-heading-tag '  itemprop=\"headline\"  >Competencias directivas<\/h3><div class='special-heading-border'><div class='special-heading-inner-border' ><\/div><\/div><\/div><br \/>\n<section class=\"av_textblock_section \"  itemscope=\"itemscope\" itemtype=\"https:\/\/schema.org\/CreativeWork\" ><div class='avia_textblock  '  style='font-size:18px; '  itemprop=\"text\" ><p style=\"text-align: center;\">Entrenamiento en\u00a0habilidades y competencias para tu actualizar tu competencia personal y profesional.<\/p>\n<\/div><\/section><\/p><\/div><div class=\"flex_column av_one_fourth  flex_column_div av-zero-column-padding   \" style='border-radius:0px; '><p><span class=\"av_font_icon avia_animate_when_visible  av-icon-style-border icones-serveis avia-icon-pos-center \" style=\"color:#686868; border-color:#686868;\"><a href='https:\/\/tonipinies.com\/e-learning\/'   class='av-icon-char' style='font-size:50px;line-height:50px;width:50px;' aria-hidden='true' data-av_icon='\ue84f' data-av_iconfont='entypo-fontello' ><\/a><\/span><br \/>\n<div style='height:15px' class='hr hr-invisible   '><span class='hr-inner ' ><span class='hr-inner-style'><\/span><\/span><\/div><br \/>\n<div class='avia-button-wrap avia-button-center  '><a href='https:\/\/tonipinies.com\/e-learning\/' class='avia-button   avia-icon_select-no avia-color-theme-color-subtle avia-size-small avia-position-center '   ><span class='avia_iconbox_title' >+ informaci\u00f3n<\/span><\/a><\/div><br \/>\n<div style='padding-bottom:30px;font-size:28px;' class='av-special-heading av-special-heading-h3  blockquote modern-quote modern-centered   av-inherit-size '><h3 class='av-special-heading-tag '  itemprop=\"headline\"  >e-learning<\/h3><div class='special-heading-border'><div class='special-heading-inner-border' ><\/div><\/div><\/div><br \/>\n<section class=\"av_textblock_section \"  itemscope=\"itemscope\" itemtype=\"https:\/\/schema.org\/CreativeWork\" ><div class='avia_textblock  '  style='font-size:18px; '  itemprop=\"text\" ><p style=\"text-align: center;\">Es nuestra forma de poder llegar a todas las personas sin limitaci\u00f3n de distancia.\u00a0<b><\/b><\/p>\n<\/div><\/section><\/p><\/div>\n<\/div><\/div><\/div><!-- close content main div --><\/div><\/div><div id='after_section_1' class='main_color av_default_container_wrap container_wrap sidebar_right'   ><div class='container' ><div class='template-page content  av-content-small alpha units'><div class='post-entry post-entry-type-page post-entry-1041'><div class='entry-content-wrapper clearfix'>\n<\/div><\/div><\/div><!-- close content main div --><\/div><\/div><div id='av_section_2' class='avia-section alternate_color avia-section-default avia-no-border-styling avia-bg-style-scroll   container_wrap sidebar_right'   ><div class='container' ><div class='template-page content  av-content-small alpha units'><div class='post-entry post-entry-type-page post-entry-1041'><div class='entry-content-wrapper clearfix'>\n<div id='av-masonry-1' class='av-masonry noHover av-flex-size av-large-gap av-hover-overlay-active av-masonry-col-3 av-caption-always av-caption-style-    '  ><div class='av-masonry-container isotope av-js-disabled ' ><div class='av-masonry-entry isotope-item av-masonry-item-no-image all_sort'><\/div><a href=\"https:\/\/tonipinies.com\/ca\/?post_type=tve_notifications&p=2141\" id='av-masonry-1-item-2141' data-av-masonry-item='2141' class='av-masonry-entry isotope-item post-2141 tve_notifications type-tve_notifications status-publish hentry all_sort av-masonry-item-no-image' title=\"Notifications\"  itemscope=\"itemscope\" itemtype=\"https:\/\/schema.org\/CreativeWork\" ><div class='av-inner-masonry-sizer'><\/div><figure class='av-inner-masonry main_color'><figcaption class='av-inner-masonry-content site-background'><div class='av-inner-masonry-content-pos'><div class='av-inner-masonry-content-pos-content'><div class='avia-arrow'><\/div><h3 class='av-masonry-entry-title entry-title'  itemprop=\"headline\" >Notifications<\/h3><\/div><\/div><\/figcaption><\/figure><\/a><!--end av-masonry entry--><a href=\"https:\/\/tonipinies.com\/ca\/seedprod\/sp-cs\/\" id='av-masonry-1-item-2140' data-av-masonry-item='2140' class='av-masonry-entry isotope-item post-2140 seedprod type-seedprod status-publish hentry all_sort av-masonry-item-no-image' title=\"seedprod\"  itemscope=\"itemscope\" itemtype=\"https:\/\/schema.org\/CreativeWork\" ><div class='av-inner-masonry-sizer'><\/div><figure class='av-inner-masonry main_color'><figcaption class='av-inner-masonry-content site-background'><div class='av-inner-masonry-content-pos'><div class='av-inner-masonry-content-pos-content'><div class='avia-arrow'><\/div><h3 class='av-masonry-entry-title entry-title'  itemprop=\"headline\" >seedprod<\/h3><\/div><\/div><\/figcaption><\/figure><\/a><!--end av-masonry entry--><a href=\"https:\/\/tonipinies.com\/ca\/?post_type=tve_lead_shortcode&p=1937\" id='av-masonry-1-item-1937' data-av-masonry-item='1937' class='av-masonry-entry isotope-item post-1937 tve_lead_shortcode type-tve_lead_shortcode status-publish hentry all_sort av-masonry-item-no-image' title=\"seminario online gratuito creer para crear\"  itemscope=\"itemscope\" itemtype=\"https:\/\/schema.org\/CreativeWork\" ><div class='av-inner-masonry-sizer'><\/div><figure class='av-inner-masonry main_color'><figcaption class='av-inner-masonry-content site-background'><div class='av-inner-masonry-content-pos'><div class='av-inner-masonry-content-pos-content'><div class='avia-arrow'><\/div><h3 class='av-masonry-entry-title entry-title'  itemprop=\"headline\" >seminario online gratuito creer para crear<\/h3><\/div><\/div><\/figcaption><\/figure><\/a><!--end av-masonry entry--><\/div><div class='av-masonry-pagination av-masonry-pagination-pagination'><nav class='pagination'><span class='pagination-meta'>P\u00e0gina 1 de 30<\/span><span class='current'>1<\/span><a href='https:\/\/tonipinies.com\/ca\/wp-json\/wp\/v2\/pages\/1041\/page\/2\/' class='inactive' >2<\/a><a href='https:\/\/tonipinies.com\/ca\/wp-json\/wp\/v2\/pages\/1041\/page\/3\/' class='inactive' >3<\/a><a href='https:\/\/tonipinies.com\/ca\/wp-json\/wp\/v2\/pages\/1041\/page\/2\/'>&rsaquo;<\/a><a href='https:\/\/tonipinies.com\/ca\/wp-json\/wp\/v2\/pages\/1041\/page\/30\/'>&raquo;<\/a><\/nav>\n<\/div><\/div>\n<\/div><\/div><\/div><!-- close content main div --><\/div><\/div><div id='after_section_2' class='main_color av_default_container_wrap container_wrap sidebar_right'   ><div class='container' ><div class='template-page content  av-content-small alpha units'><div class='post-entry post-entry-type-page post-entry-1041'><div class='entry-content-wrapper clearfix'>\n<\/div><\/div><\/div><!-- close content main div --><\/div><\/div><div id='av_section_3' class='avia-section alternate_color avia-section-default avia-no-shadow avia-bg-style-scroll    container_wrap sidebar_right'   ><div class='container' ><div class='template-page content  av-content-small alpha units'><div class='post-entry post-entry-type-page post-entry-1041'><div class='entry-content-wrapper clearfix'>\n<div class=\"flex_column av_one_half  flex_column_div av-zero-column-padding first  \" style='border-radius:0px; '><p><div style='padding-bottom:18px;color:#3d3d3d;' class='av-special-heading av-special-heading-h3 custom-color-heading blockquote modern-quote modern-centered   '><h3 class='av-special-heading-tag '  itemprop=\"headline\"  >Descubre paso a paso como alcanzar tus metas y empezar a tener la vida que quieres. Desc\u00e1rgate ahora este manual totalmente gratis<\/h3><div class ='av-subheading av-subheading_below av_custom_color ' style='font-size:15px;'><p>Deja tus datos y adem\u00e1s de recibir actualizaciones de mi p\u00e1gina, te enviar\u00e9 las instrucciones para que puedas descargar este regalo que te hago.<\/p>\n<\/div><div class='special-heading-border'><div class='special-heading-inner-border' style='border-color:#3d3d3d'><\/div><\/div><\/div><br \/>\n<div class='avia-image-container  av-styling-    avia-align-center '  itemscope=\"itemscope\" itemtype=\"https:\/\/schema.org\/ImageObject\"  ><div class='avia-image-container-inner'><img class='avia_image ' src='https:\/\/tonipinies.com\/wp-content\/uploads\/2015\/11\/ebook-300.png' alt='' title='ebook-300'   itemprop=\"thumbnailUrl\"  \/><\/div><\/div><\/p><\/div><div class=\"flex_column av_one_half  flex_column_div av-zero-column-padding   \" style='border-radius:0px; '><form action=\"https:\/\/tonipinies.com\/ca\/home2\/\" method=\"post\"  data-av-custom-send='mailchimp_send' class=\"avia_ajax_form av-form-labels-visible     avia-mailchimp-form \" data-avia-form-id=\"1\" data-avia-redirect='https:\/\/tonipinies.com\/suscripcion-ebook-gratis\/'><fieldset><p class=' first_form  form_element form_fullwidth' id='element_avia_1_1'><label for=\"avia_1_1\">Nombre <abbr class=\"required\" title=\"obligatori\">*<\/abbr><\/label> <input name=\"avia_1_1\" class=\"text_input is_empty\" type=\"text\" id=\"avia_1_1\" value=\"\" \/><\/p><p class=' first_form  form_element form_fullwidth' id='element_avia_0_1'><label for=\"avia_0_1\">Email <abbr class=\"required\" title=\"obligatori\">*<\/abbr><\/label> <input name=\"avia_0_1\" class=\"text_input is_email\" type=\"text\" id=\"avia_0_1\" value=\"\" \/><\/p><p class=\"form_element  first_form  form_element form_fullwidth av-last-visible-form-element modified_width\"><input type=\"hidden\" value=\"1\" name=\"avia_generated_form1\" \/><input type=\"submit\" value=\"\u00a1Obtener ahora!\" class=\"button\"  data-sending-label=\"Enviant\"\/><\/p><p class=\"hidden\"><input type=\"text\" name=\"avia_avia_username_1\" class=\"hidden \" id=\"avia_avia_username_1\" value=\"\" \/><\/p><\/fieldset><\/form><div id=\"ajaxresponse_1\" class=\"ajaxresponse ajaxresponse_1 hidden\"><\/div><\/div>\n<\/div><\/div><\/div><!-- close content main div --><\/div><\/div><div id='after_section_3' class='main_color av_default_container_wrap container_wrap sidebar_right'   ><div class='container' ><div class='template-page content  av-content-small alpha units'><div class='post-entry post-entry-type-page post-entry-1041'><div class='entry-content-wrapper clearfix'>\n<\/div><\/div><\/div><!-- close content main div --><\/div><\/div><div id='optin-home' class='avia-section alternate_color avia-section-default avia-no-shadow avia-bg-style-scroll  mfp-hide  container_wrap sidebar_right'   ><div class='container' ><div class='template-page content  av-content-small alpha units'><div class='post-entry post-entry-type-page post-entry-1041'><div class='entry-content-wrapper clearfix'>\n<div class=\"flex_column av_one_half  flex_column_div av-zero-column-padding first  \" style='border-radius:0px; '><p><div style='padding-bottom:18px;color:#3d3d3d;' class='av-special-heading av-special-heading-h3 custom-color-heading blockquote modern-quote modern-centered   '><h3 class='av-special-heading-tag '  itemprop=\"headline\"  >Descubre paso a paso como alcanzar tus metas y empezar a tener la vida que quieres. Desc\u00e1rgate ahora este manual totalmente gratis<\/h3><div class ='av-subheading av-subheading_below av_custom_color ' style='font-size:15px;'><p>Deja tus datos y adem\u00e1s de recibir actualizaciones de mi p\u00e1gina, te enviar\u00e9 las instrucciones para que puedas descargar este regalo que te hago.<\/p>\n<\/div><div class='special-heading-border'><div class='special-heading-inner-border' style='border-color:#3d3d3d'><\/div><\/div><\/div><br \/>\n<div class='avia-image-container  av-styling-    avia-align-center '  itemscope=\"itemscope\" itemtype=\"https:\/\/schema.org\/ImageObject\"  ><div class='avia-image-container-inner'><img class='avia_image ' src='https:\/\/tonipinies.com\/wp-content\/uploads\/2015\/11\/ebook-300.png' alt='' title='ebook-300'   itemprop=\"thumbnailUrl\"  \/><\/div><\/div><\/p><\/div><div class=\"flex_column av_one_half  flex_column_div av-zero-column-padding   \" style='border-radius:0px; '><form action=\"https:\/\/tonipinies.com\/ca\/home2\/\" method=\"post\"  data-av-custom-send='mailchimp_send' class=\"avia_ajax_form av-form-labels-visible     avia-mailchimp-form \" data-avia-form-id=\"2\" data-avia-redirect='https:\/\/tonipinies.com\/suscripcion-ebook-gratis\/'><fieldset><p class=' first_form  form_element form_fullwidth' id='element_avia_0_2'><label for=\"avia_0_2\">Email <abbr class=\"required\" title=\"obligatori\">*<\/abbr><\/label> <input name=\"avia_0_2\" class=\"text_input is_email\" type=\"text\" id=\"avia_0_2\" value=\"\" \/><\/p><p class=' first_form  form_element form_fullwidth' id='element_avia_1_2'><label for=\"avia_1_2\">Nombre <abbr class=\"required\" title=\"obligatori\">*<\/abbr><\/label> <input name=\"avia_1_2\" class=\"text_input is_empty\" type=\"text\" id=\"avia_1_2\" value=\"\" \/><\/p><p class=\"form_element  first_form  form_element form_fullwidth av-last-visible-form-element modified_width\"><input type=\"hidden\" value=\"1\" name=\"avia_generated_form2\" \/><input type=\"submit\" value=\"\u00a1Obtener ahora!\" class=\"button\"  data-sending-label=\"Enviant\"\/><\/p><p class=\"hidden\"><input type=\"text\" name=\"avia_avia_username_2\" class=\"hidden \" id=\"avia_avia_username_2\" value=\"\" \/><\/p><\/fieldset><\/form><div id=\"ajaxresponse_2\" class=\"ajaxresponse ajaxresponse_2 hidden\"><\/div><\/div>\n<\/div><\/div><\/div><!-- close content main div --><\/div><\/div><div id='after_section_4' class='main_color av_default_container_wrap container_wrap sidebar_right'   ><div class='container' ><div class='template-page content  av-content-small alpha units'><div class='post-entry post-entry-type-page post-entry-1041'><div class='entry-content-wrapper clearfix'>\n","protected":false},"excerpt":{"rendered":"","protected":false},"author":1,"featured_media":0,"parent":0,"menu_order":0,"comment_status":"closed","ping_status":"closed","template":"","meta":{"_monsterinsights_skip_tracking":false,"_monsterinsights_sitenote_active":false,"_monsterinsights_sitenote_note":"","_monsterinsights_sitenote_category":0,"_uf_show_specific_survey":0,"_uf_disable_surveys":false,"footnotes":""},"class_list":["post-1041","page","type-page","status-publish","hentry"],"aioseo_notices":[],"_links":{"self":[{"href":"https:\/\/tonipinies.com\/ca\/wp-json\/wp\/v2\/pages\/1041","targetHints":{"allow":["GET"]}}],"collection":[{"href":"https:\/\/tonipinies.com\/ca\/wp-json\/wp\/v2\/pages"}],"about":[{"href":"https:\/\/tonipinies.com\/ca\/wp-json\/wp\/v2\/types\/page"}],"author":[{"embeddable":true,"href":"https:\/\/tonipinies.com\/ca\/wp-json\/wp\/v2\/users\/1"}],"replies":[{"embeddable":true,"href":"https:\/\/tonipinies.com\/ca\/wp-json\/wp\/v2\/comments?post=1041"}],"version-history":[{"count":7,"href":"https:\/\/tonipinies.com\/ca\/wp-json\/wp\/v2\/pages\/1041\/revisions"}],"predecessor-version":[{"id":1250,"href":"https:\/\/tonipinies.com\/ca\/wp-json\/wp\/v2\/pages\/1041\/revisions\/1250"}],"wp:attachment":[{"href":"https:\/\/tonipinies.com\/ca\/wp-json\/wp\/v2\/media?parent=1041"}],"curies":[{"name":"wp","href":"https:\/\/api.w.org\/{rel}","templated":true}]}}