{"id":1043,"date":"2014-07-09T16:04:43","date_gmt":"2014-07-09T16:04:43","guid":{"rendered":"http:\/\/tonipinies.com\/ca\/sobre-mi\/"},"modified":"2016-02-17T20:56:48","modified_gmt":"2016-02-17T20:56:48","slug":"sobre-mi","status":"publish","type":"page","link":"https:\/\/tonipinies.com\/ca\/sobre-mi\/","title":{"rendered":"Sobre mi. Coneix com puc ajudar-te"},"content":{"rendered":"<\/div><\/div><\/div><!-- close content main div --><\/div><\/div><div id='av_section_1' class='avia-section main_color avia-section-default avia-no-shadow avia-full-stretch av-parallax-section av-section-color-overlay-active avia-bg-style-parallax    av-minimum-height av-minimum-height-custom container_wrap sidebar_right'  data-section-bg-repeat='stretch' ><div class='av-parallax' data-avia-parallax-ratio='0.3' ><div class='av-parallax-inner main_color  avia-full-stretch' style = 'background-repeat: no-repeat; background-image: url(https:\/\/tonipinies.com\/wp-content\/uploads\/2014\/07\/sobre-mi.jpg); background-attachment: scroll; background-position: center center; ' ><\/div><\/div><div class='av-section-color-overlay-wrap'><div class='av-section-color-overlay' style='opacity: 0.5; background-color: #0a0a0a; '><\/div><div class='container' style='height:350px'><div class='template-page content  av-content-small alpha units'><div class='post-entry post-entry-type-page post-entry-1043'><div class='entry-content-wrapper clearfix'>\n<div style='padding-bottom:0px;color:#ffffff;font-size:40px;' class='av-special-heading av-special-heading-h1 custom-color-heading blockquote modern-quote   av-inherit-size '><h1 class='av-special-heading-tag '  itemprop=\"headline\"  >Sobre mi<\/h1><div class ='av-subheading av-subheading_below av_custom_color ' style='font-size:18px;'><p>mostrar a les persones la llum que porten dins<\/p>\n<\/div><div class='special-heading-border'><div class='special-heading-inner-border' style='border-color:#ffffff'><\/div><\/div><\/div>\n<\/div><\/div><\/div><!-- close content main div --><\/div><\/div><\/div><div id='after_section_1' class='main_color av_default_container_wrap container_wrap sidebar_right'   ><div class='container' ><div class='template-page content  av-content-small alpha units'><div class='post-entry post-entry-type-page post-entry-1043'><div class='entry-content-wrapper clearfix'><\/div><\/div><\/div><!-- close content main div --><\/div><\/div><div id='av_section_2' class='avia-section main_color avia-section-default avia-no-shadow avia-bg-style-scroll   container_wrap sidebar_right'   ><div class='container' ><div class='template-page content  av-content-small alpha units'><div class='post-entry post-entry-type-page post-entry-1043'><div class='entry-content-wrapper clearfix'>\n<div class=\"flex_column av_one_half  flex_column_div av-zero-column-padding first  \" style='border-radius:0px; '><div  data-size='masonry'  data-lightbox_size='large'  data-animation='fade'  data-ids='866'  data-video_counter='0'  data-autoplay='true'  data-bg_slider='false'  data-slide_height=''  data-handle='av_slideshow'  data-interval='5'  data-class='  '  data-css_id=''  data-scroll_down=''  data-control_layout=''  data-custom_markup=''  data-perma_caption=''  data-autoplay_stopper='1'  data-image_attachment=''  data-min_height='0px'  data-default-height='100'  class='avia-slideshow avia-slideshow-1  av-default-height-applied avia-slideshow-masonry av_slideshow    avia-fade-slider '  itemscope=\"itemscope\" itemtype=\"https:\/\/schema.org\/ImageObject\" ><ul class='avia-slideshow-inner' style='padding-bottom: 100%;'><\/ul><\/div><\/div><div class=\"flex_column av_one_half  flex_column_div av-zero-column-padding   \" style='border-radius:0px; '><section class=\"av_textblock_section \"  itemscope=\"itemscope\" itemtype=\"https:\/\/schema.org\/CreativeWork\" ><div class='avia_textblock  '  style='font-size:18px; '  itemprop=\"text\" ><p>Et podria explicar que em vaig llicenciar en psicologia, per\u00f2 aix\u00f2 diu alguna cosa i no defineix qui s\u00f3c; que vaig estudiar pnl i coaching i constel\u00b7lacions organitzatius\u00a0i em vaig certificar en tot aix\u00f2, t&#8217;explica per on discorre la meva curiositat.<\/p>\n<p>Si t&#8217;explico que durant gaireb\u00e9 10 anys he dirigit una divisi\u00f3 de consultoria en gesti\u00f3 de persones, intuir\u00e0s pels camins que he transitat i el tipus d&#8217;aprenentatges que he tingut; si afegeixo els ja 8 anys al capdavant de <a href=\"http:\/\/valorsipersones.com\/\">Valors &amp; Persones<\/a> et dono pistes del per\u00edmetre de la meva realitat professional actual i els meus interessos.<\/p>\n<p>Encara que si vols saber qui s\u00f3c , segurament alguna cosa que m&#8217;encaixa \u00e9s que s\u00f3c com un mirall; professionals, directius i, empresaris em confien que se&#8217;m d\u00f3na b\u00e9 mostrar a les persones la llum que porten dins i de deb\u00f2 que s\u00ed que aix\u00f2 em defineix. Suport a les persones a reflectir la seva pr\u00f2pia llum. Crec fermament que tots brillem i podem brillar. Veig constantment que moltes de les nostres dificultats, no totes, v\u00e9nen d&#8217;oblidar-nos que brillem.<\/p>\n<p>El meu comprom\u00eds \u00e9s recolzar al fet que totes les persones puguin brillar.<\/p>\n<p>L&#8217;experi\u00e8ncia professional i personal em mostra que molts de nosaltres no ens donem perm\u00eds a brillar, o no ens atrevim, o per mals h\u00e0bits ens desconnectem d&#8217;aquesta llum i aix\u00f2 ens porta de cap a problemes.<\/p>\n<blockquote>\n<h2>mostrar a les persones la llum que\u00a0porten dins<\/h2>\n<\/blockquote>\n<\/div><\/section><\/div><div class=\"flex_column av_one_full  flex_column_div av-zero-column-padding first  \" style='border-radius:0px; '><section class=\"av_textblock_section \"  itemscope=\"itemscope\" itemtype=\"https:\/\/schema.org\/CreativeWork\" ><div class='avia_textblock  '  style='font-size:18px; '  itemprop=\"text\" ><p>Per explicar-te qui s\u00f3c et dic que el meu sentit de contribuci\u00f3 i prop\u00f2sit t\u00e9 a veure amb aix\u00f2, \u201cmostrar a les persones la llum que porten dins\u201d.<\/p>\n<p>Espero veure&#8217;t per aqu\u00ed i que deixis el teu comentaris<\/p>\n<p>Toni<\/p>\n<\/div><\/section><\/div><\/div><\/div><\/div><!-- close content main div --><\/div><\/div><div id='after_section_2' class='main_color av_default_container_wrap container_wrap sidebar_right'   ><div class='container' ><div class='template-page content  av-content-small alpha units'><div class='post-entry post-entry-type-page post-entry-1043'><div class='entry-content-wrapper clearfix'><\/div><\/div><\/div><!-- close content main div --><\/div><\/div><div id='customers' class='avia-section alternate_color avia-section-huge avia-no-border-styling avia-bg-style-scroll    av-arrow-down-section container_wrap sidebar_right'   ><div class='container' ><div class='template-page content  av-content-small alpha units'><div class='post-entry post-entry-type-page post-entry-1043'><div class='entry-content-wrapper clearfix'>\n<div style='padding-bottom:0px;color:#444444;' class='av-special-heading av-special-heading-h2 custom-color-heading blockquote modern-quote modern-centered   '><h2 class='av-special-heading-tag '  itemprop=\"headline\"  >Explicat per tu<\/h2><div class='special-heading-border'><div class='special-heading-inner-border' style='border-color:#444444'><\/div><\/div><\/div>\n<div  data-autoplay='1'  data-interval='15'  data-animation='fade'  data-hoverpause='1'  class='avia-testimonial-wrapper avia-slider-testimonials avia-slider-2-testimonials avia_animate_when_almost_visible  av-large-testimonial-slider  '>\n<section class ='avia-testimonial-row'><div class='avia-testimonial av_one_half flex_column no_margin avia-testimonial-row-1 avia-first-testimonial'  itemscope=\"itemscope\" itemtype=\"https:\/\/schema.org\/Person\" ><div class='avia-testimonial_inner'><div class='avia-testimonial-content '    itemscope=\"itemscope\" itemtype=\"https:\/\/schema.org\/CreativeWork\" ><p>&#8220;Persona comprometida con su trabajo, muy bueno en el trabajo en grupo. De gran apoyo me fueron sus cursos, PNL para directivos y las 4 claves del liderazgo.<br \/>\nHa realizado formaci\u00f3n en la empresa que dirijo, bajo el lema &#8220;Liderazgo de proximidad&#8221; con notable \u00e9xito. As\u00ed mismo ha impartido conferencia para clientes preferentes con el t\u00edtulo &#8220;Enfocate. Tres claves para tu desarrollo profesional&#8221;, donde los asistentes valoraron muy positivamente su exposici\u00f3n&#8221;.<\/p>\n<\/div><div class='avia-testimonial-meta'><div class='avia-testimonial-arrow-wrap'><div class='avia-arrow'><\/div><\/div><div class='avia-testimonial-image'  itemprop=\"image\" ><img loading=\"lazy\" decoding=\"async\" width=\"150\" height=\"180\" src=\"https:\/\/tonipinies.com\/wp-content\/uploads\/2014\/07\/silueta-150x180.jpg\" class=\"attachment-square size-square\" alt=\"Eduardo Villuendas Otal. \" \/><\/div><div class='avia-testimonial-meta-mini'><strong  class='avia-testimonial-name'    itemprop=\"name\" >Eduardo Villuendas Otal. <\/strong><span  class='avia-testimonial-subtitle '    itemprop=\"jobTitle\" >Director General Adjunto en Grup 4<\/span><\/div><\/div><\/div><\/div>\n<div class='avia-testimonial av_one_half flex_column no_margin avia-testimonial-row-1 '  itemscope=\"itemscope\" itemtype=\"https:\/\/schema.org\/Person\" ><div class='avia-testimonial_inner'><div class='avia-testimonial-content '    itemscope=\"itemscope\" itemtype=\"https:\/\/schema.org\/CreativeWork\" ><p>&#8220;Conoc\u00ed a Toni en su faceta formadora cuando asist\u00ed en enero de 2012 a uno de los cursos de PNL que imparte en el Instituto Aragon\u00e9s de Fomento. Adem\u00e1s de su amplia experiencia en la materia, me impact\u00f3 sobre todo su manera de transmitir las ideas y de dinamizar al grupo.<\/p>\n<p>M\u00e1s adelante, con el objetivo de gestionar mejor los importantes retos profesionales a los que me enfrentaba, contrat\u00e9 en Barcelona sus servicios como Coach personal. Me ha ayudado a mejorar mis capacidades de gesti\u00f3n de equipos, de gesti\u00f3n emocional y de gesti\u00f3n del tiempo. Puedo decir sin duda que soy ahora un mejor Manager, e incluso un poquito mejor persona.<\/p>\n<p>Toni es, en mi opini\u00f3n, un gran profesional tanto en su lado formador como en el de Coach, y engancha la contagiosa pasi\u00f3n que transmite en su trabajo; \u201cpassi\u00f3 per l&#8217;ofici\u201d como \u00e9l dice&#8221;.<\/p>\n<\/div><div class='avia-testimonial-meta'><div class='avia-testimonial-arrow-wrap'><div class='avia-arrow'><\/div><\/div><div class='avia-testimonial-image'  itemprop=\"image\" ><img loading=\"lazy\" decoding=\"async\" width=\"150\" height=\"180\" src=\"https:\/\/tonipinies.com\/wp-content\/uploads\/2014\/07\/silueta-150x180.jpg\" class=\"attachment-square size-square\" alt=\"\u00c1ngel Ib\u00e1\u00f1ez\" \/><\/div><div class='avia-testimonial-meta-mini'><strong  class='avia-testimonial-name'    itemprop=\"name\" >\u00c1ngel Ib\u00e1\u00f1ez<\/strong><span  class='avia-testimonial-subtitle '    itemprop=\"jobTitle\" >Director General en NIHON KASETSU EUROPE<\/span><\/div><\/div><\/div><\/div>\n<div class='avia-testimonial av_one_half flex_column no_margin avia-testimonial-row-1 '  itemscope=\"itemscope\" itemtype=\"https:\/\/schema.org\/Person\" ><div class='avia-testimonial_inner'><div class='avia-testimonial-content '    itemscope=\"itemscope\" itemtype=\"https:\/\/schema.org\/CreativeWork\" ><p>&#8220;Tras a\u00f1os de estar empresarialmente en la cresta de la ola y por cambios inevitables de los \u00faltimos tiempos, todo hab\u00eda naufragado, encontrandome inmerso en una espesa niebla, sintiendo un v\u00e9rtigo insuperable. He encontrado un profesional Coach -Toni Pinies-, que me ha acompa\u00f1ado en este proceso de transici\u00f3n hasta tener nuevos proyectos con lucidez e ilusi\u00f3n recuperadas, con objetivos claros y concretos. Toni ayuda a que reencuentre el camino profesional. \u00a0Recomiendo a Toni &#8220;Coach&#8221; para llegar a un buen final en un proceso de transici\u00f3n personal y profesional. \u00a1\u00a1 Vale la pena !!&#8221;<\/p>\n<\/div><div class='avia-testimonial-meta'><div class='avia-testimonial-arrow-wrap'><div class='avia-arrow'><\/div><\/div><div class='avia-testimonial-image'  itemprop=\"image\" ><img loading=\"lazy\" decoding=\"async\" width=\"150\" height=\"180\" src=\"https:\/\/tonipinies.com\/wp-content\/uploads\/2014\/07\/silueta-150x180.jpg\" class=\"attachment-square size-square\" alt=\"Juan S\u00e1nchez Pux\u00e1n\" \/><\/div><div class='avia-testimonial-meta-mini'><strong  class='avia-testimonial-name'    itemprop=\"name\" >Juan S\u00e1nchez Pux\u00e1n<\/strong><span  class='avia-testimonial-subtitle '    itemprop=\"jobTitle\" >Administrador - Gerente en BCC Worldwide, S.A.<\/span><\/div><\/div><\/div><\/div>\n<div class='avia-testimonial av_one_half flex_column no_margin avia-testimonial-row-1 '  itemscope=\"itemscope\" itemtype=\"https:\/\/schema.org\/Person\" ><div class='avia-testimonial_inner'><div class='avia-testimonial-content '    itemscope=\"itemscope\" itemtype=\"https:\/\/schema.org\/CreativeWork\" ><p>&#8220;Toni es un profesional responsable, empreendedor y actua como facilitador de grupos en empresas con problemas de relacionamientos entre personas. Su vision abrangente de la problematica, su pragmatismo a la hora de buscar soluciones y su carisma para conseguir que cada uno de los implicados analice su comportamiento y la consecuencia de este en el grupo hace con que los resultados esperados sean facilmente alcanzados. Todo esto no seria posible si como persona no tuviera valores basados en el respeto al proximo y a su idiosincracia personal&#8221;.<\/p>\n<\/div><div class='avia-testimonial-meta'><div class='avia-testimonial-arrow-wrap'><div class='avia-arrow'><\/div><\/div><div class='avia-testimonial-image'  itemprop=\"image\" ><img loading=\"lazy\" decoding=\"async\" width=\"150\" height=\"180\" src=\"https:\/\/tonipinies.com\/wp-content\/uploads\/2014\/07\/silueta-150x180.jpg\" class=\"attachment-square size-square\" alt=\"M\u00f3nica Stender\" \/><\/div><div class='avia-testimonial-meta-mini'><strong  class='avia-testimonial-name'    itemprop=\"name\" >M\u00f3nica Stender<\/strong><span  class='avia-testimonial-subtitle '    itemprop=\"jobTitle\" >Managing Director, STENDER ASESORES, S.L.U.<\/span><\/div><\/div><\/div><\/div>\n<div class='avia-testimonial av_one_half flex_column no_margin avia-testimonial-row-1 '  itemscope=\"itemscope\" itemtype=\"https:\/\/schema.org\/Person\" ><div class='avia-testimonial_inner'><div class='avia-testimonial-content '    itemscope=\"itemscope\" itemtype=\"https:\/\/schema.org\/CreativeWork\" ><p>Contrat\u00e9 los servicios de Toni Pini\u00e9s como Coach para el Equipo de Gerentes de \u00c1rea. Su profesionalidad y experiencia fueron aplicadas con resultados muy positivos. El contenido del programa lo ajusta a las necesidades del cliente, por lo que el \u00e9xito est\u00e1 garantizado<\/p>\n<\/div><div class='avia-testimonial-meta'><div class='avia-testimonial-arrow-wrap'><div class='avia-arrow'><\/div><\/div><div class='avia-testimonial-image'  itemprop=\"image\" ><img loading=\"lazy\" decoding=\"async\" width=\"150\" height=\"180\" src=\"https:\/\/tonipinies.com\/wp-content\/uploads\/2014\/07\/silueta-150x180.jpg\" class=\"attachment-square size-square\" alt=\"Manuel Guerrero\" \/><\/div><div class='avia-testimonial-meta-mini'><strong  class='avia-testimonial-name'    itemprop=\"name\" >Manuel Guerrero<\/strong><span  class='avia-testimonial-subtitle '    itemprop=\"jobTitle\" >Country Sales Manager en ETK &amp; Lyra Iberia<\/span><\/div><\/div><\/div><\/div>\n<div class='avia-testimonial av_one_half flex_column no_margin avia-testimonial-row-1 '  itemscope=\"itemscope\" itemtype=\"https:\/\/schema.org\/Person\" ><div class='avia-testimonial_inner'><div class='avia-testimonial-content '    itemscope=\"itemscope\" itemtype=\"https:\/\/schema.org\/CreativeWork\" ><p>Toni \u00e9s un gran professional amb excellents coneixements i capa\u00e7 de generar canvis increibles . Un gran coach, de tota confian\u00e7a.<\/p>\n<\/div><div class='avia-testimonial-meta'><div class='avia-testimonial-arrow-wrap'><div class='avia-arrow'><\/div><\/div><div class='avia-testimonial-image'  itemprop=\"image\" ><img loading=\"lazy\" decoding=\"async\" width=\"150\" height=\"180\" src=\"https:\/\/tonipinies.com\/wp-content\/uploads\/2014\/07\/silueta-150x180.jpg\" class=\"attachment-square size-square\" alt=\"Ferran Oliver\" \/><\/div><div class='avia-testimonial-meta-mini'><strong  class='avia-testimonial-name'    itemprop=\"name\" >Ferran Oliver<\/strong><span  class='avia-testimonial-subtitle '    itemprop=\"jobTitle\" >Director Comercial &amp; Marketing en Federaci\u00f3 Farmac\u00e8utica<\/span><\/div><\/div><\/div><\/div>\n<div class='avia-testimonial av_one_half flex_column no_margin avia-testimonial-row-1 '  itemscope=\"itemscope\" itemtype=\"https:\/\/schema.org\/Person\" ><div class='avia-testimonial_inner'><div class='avia-testimonial-content '    itemscope=\"itemscope\" itemtype=\"https:\/\/schema.org\/CreativeWork\" ><p>Tuve la suerte de asistir a uno de sus cursos sobre Programaci\u00f3n Neuroling\u00fc\u00edstica en Barcelona y descubr\u00ed que sus clases no s\u00f3lo son una excusa para compartir conocimientos, sino tambi\u00e9n una manera de vivir y crear tus ilusiones. Desde aquel momento aprend\u00ed a descubrir algo que me preocupaba enormemente: Por qu\u00e9 mi mensaje no llegaba a todos los que me rodeaban si nunca he tenido problemas de comunicaci\u00f3n ?. Si te preocupa algo parecido deber\u00edas asistir a sus conferencias<\/p>\n<\/div><div class='avia-testimonial-meta'><div class='avia-testimonial-arrow-wrap'><div class='avia-arrow'><\/div><\/div><div class='avia-testimonial-image'  itemprop=\"image\" ><img loading=\"lazy\" decoding=\"async\" width=\"150\" height=\"180\" src=\"https:\/\/tonipinies.com\/wp-content\/uploads\/2014\/07\/silueta-150x180.jpg\" class=\"attachment-square size-square\" alt=\"Rosa L\u00f3pez\" \/><\/div><div class='avia-testimonial-meta-mini'><strong  class='avia-testimonial-name'    itemprop=\"name\" >Rosa L\u00f3pez<\/strong><span  class='avia-testimonial-subtitle '    itemprop=\"jobTitle\" >Social Media, Copywriter<\/span><\/div><\/div><\/div><\/div>\n<div class='avia-testimonial av_one_half flex_column no_margin avia-testimonial-row-1 '  itemscope=\"itemscope\" itemtype=\"https:\/\/schema.org\/Person\" ><div class='avia-testimonial_inner'><div class='avia-testimonial-content '    itemscope=\"itemscope\" itemtype=\"https:\/\/schema.org\/CreativeWork\" ><p>Despu\u00e9s de realizar un curso muy satisfactorio con Toni decid\u00ed contratar una consultor\u00eda personal con \u00e9l.<br \/>\nLa preparaci\u00f3n, visi\u00f3n, claridad de exposici\u00f3n y honestidad de un consultor son cualidades muy importantes. Toni no solo me lo ha demostrado sino que tambi\u00e9n ha mostrado una gran implicaci\u00f3n.<br \/>\nEspero seguir colaborando con Toni en el futuro<\/p>\n<\/div><div class='avia-testimonial-meta'><div class='avia-testimonial-arrow-wrap'><div class='avia-arrow'><\/div><\/div><div class='avia-testimonial-image'  itemprop=\"image\" ><img loading=\"lazy\" decoding=\"async\" width=\"150\" height=\"180\" src=\"https:\/\/tonipinies.com\/wp-content\/uploads\/2014\/07\/silueta-150x180.jpg\" class=\"attachment-square size-square\" alt=\"Luis Fern\u00e1ndez Garc\u00eda\" \/><\/div><div class='avia-testimonial-meta-mini'><strong  class='avia-testimonial-name'    itemprop=\"name\" >Luis Fern\u00e1ndez Garc\u00eda<\/strong><span  class='avia-testimonial-subtitle '    itemprop=\"jobTitle\" >Hospitality Entrepreneur<\/span><\/div><\/div><\/div><\/div>\n<\/section><div class='avia-slideshow-arrows avia-slideshow-controls' ><a href='#prev' class='prev-slide' aria-hidden='true' data-av_icon='\ue87c' data-av_iconfont='entypo-fontello'>Anterior<\/a><a href='#next' class='next-slide' aria-hidden='true' data-av_icon='\ue87d' data-av_iconfont='entypo-fontello'>Seg\u00fcent<\/a><\/div><\/div>\n<\/div><\/div><\/div><!-- close content main div --><\/div><div class='av-extra-border-element border-extra-arrow-down'><div class='av-extra-border-outer'><div class='av-extra-border-inner'  style='background-color:#f8f8f8;' ><\/div><\/div><\/div><\/div><div id='after_section_3' class='main_color av_default_container_wrap container_wrap sidebar_right'   ><div class='container' ><div class='template-page content  av-content-small alpha units'><div class='post-entry post-entry-type-page post-entry-1043'><div class='entry-content-wrapper clearfix'><\/div><\/div><\/div><!-- close content main div --><\/div><div class='av-extra-border-element border-extra-arrow-down'><div class='av-extra-border-outer'><div class='av-extra-border-inner'  style='background-color:#f8f8f8;' ><\/div><\/div><\/div><\/div><div id='av_section_4' class='avia-section main_color avia-section-default avia-no-shadow avia-bg-style-scroll   container_wrap sidebar_right'   ><div class='container' ><div class='template-page content  av-content-small alpha units'><div class='post-entry post-entry-type-page post-entry-1043'><div class='entry-content-wrapper clearfix'>\n<div style='padding-bottom:20px;color:#444444;' class='av-special-heading av-special-heading-h2 custom-color-heading blockquote modern-quote modern-centered   '><h2 class='av-special-heading-tag '  itemprop=\"headline\"  >Contacta\u2019m<\/h2><div class ='av-subheading av-subheading_below av_custom_color ' style='font-size:15px;'><p>Si vols m\u00e9s informaci\u00f3 o tens qualsevol dubte, contacta amb mi mitjan\u00e7ant aquest formulari<\/p>\n<\/div><div class='special-heading-border'><div class='special-heading-inner-border' style='border-color:#444444'><\/div><\/div><\/div>\n<form action=\"https:\/\/tonipinies.com\/ca\/sobre-mi\/\" method=\"post\"  class=\"avia_ajax_form av-form-labels-visible     \" data-avia-form-id=\"1\" data-avia-redirect=''><fieldset><p class=' first_form  form_element form_fullwidth' id='element_avia_1_1'><label for=\"avia_1_1\">Nom <abbr class=\"required\" title=\"obligatori\">*<\/abbr><\/label> <input name=\"avia_1_1\" class=\"text_input is_empty\" type=\"text\" id=\"avia_1_1\" value=\"\" \/><\/p><p class=' first_form  form_element form_fullwidth' id='element_avia_2_1'><label for=\"avia_2_1\">Correu electr\u00f2nic <abbr class=\"required\" title=\"obligatori\">*<\/abbr><\/label> <input name=\"avia_2_1\" class=\"text_input is_email\" type=\"text\" id=\"avia_2_1\" value=\"\" \/><\/p><p class=' first_form  form_element form_fullwidth' id='element_avia_3_1'><label for=\"avia_3_1\">Assumpte <abbr class=\"required\" title=\"obligatori\">*<\/abbr><\/label> <input name=\"avia_3_1\" class=\"text_input is_empty\" type=\"text\" id=\"avia_3_1\" value=\"\" \/><\/p><p class=' first_form  form_element form_fullwidth' id='element_avia_4_1'>\t <label for=\"avia_4_1\" class=\"textare_label hidden textare_label_avia_4_1\">Missatge <abbr class=\"required\" title=\"obligatori\">*<\/abbr><\/label>\t <textarea  name=\"avia_4_1\" class=\"text_area is_empty\" cols=\"40\" rows=\"7\" id=\"avia_4_1\" ><\/textarea><\/p><p class=\"hidden\"><input type=\"text\" name=\"avia_5_1\" class=\"hidden \" id=\"avia_5_1\" value=\"\" \/><\/p><p class='' id='element_avia_6_1'>    <span class='value_verifier_label'>2 + 0 = ?<\/span>    <input name=\"avia_6_1_verifier\" type=\"hidden\" id=\"avia_6_1_verifier\" value=\"174215433\"\/><label for=\"avia_6_1\">Please prove that you are human by solving the equation <abbr class=\"required\" title=\"obligatori\">*<\/abbr><\/label>    <input name=\"avia_6_1\" class=\"text_input captcha\" type=\"text\" id=\"avia_6_1\" value=\"\"\/><\/p><p class=\"form_element \"><input type=\"hidden\" value=\"1\" name=\"avia_generated_form1\" \/><input type=\"submit\" value=\"Enviar\" class=\"button\"  data-sending-label=\"Enviant\"\/><\/p><\/fieldset><\/form><div id=\"ajaxresponse_1\" class=\"ajaxresponse ajaxresponse_1 hidden\"><\/div>\n<\/div><\/div><\/div><!-- close content main div --><\/div><\/div><div id='after_section_4' class='main_color av_default_container_wrap container_wrap sidebar_right'   ><div class='container' ><div class='template-page content  av-content-small alpha units'><div class='post-entry post-entry-type-page post-entry-1043'><div class='entry-content-wrapper clearfix'><\/p>\n","protected":false},"excerpt":{"rendered":"","protected":false},"author":1,"featured_media":0,"parent":0,"menu_order":0,"comment_status":"closed","ping_status":"open","template":"","meta":{"_monsterinsights_skip_tracking":false,"_monsterinsights_sitenote_active":false,"_monsterinsights_sitenote_note":"","_monsterinsights_sitenote_category":0,"_uf_show_specific_survey":0,"_uf_disable_surveys":false,"footnotes":""},"class_list":["post-1043","page","type-page","status-publish","hentry"],"aioseo_notices":[],"_links":{"self":[{"href":"https:\/\/tonipinies.com\/ca\/wp-json\/wp\/v2\/pages\/1043","targetHints":{"allow":["GET"]}}],"collection":[{"href":"https:\/\/tonipinies.com\/ca\/wp-json\/wp\/v2\/pages"}],"about":[{"href":"https:\/\/tonipinies.com\/ca\/wp-json\/wp\/v2\/types\/page"}],"author":[{"embeddable":true,"href":"https:\/\/tonipinies.com\/ca\/wp-json\/wp\/v2\/users\/1"}],"replies":[{"embeddable":true,"href":"https:\/\/tonipinies.com\/ca\/wp-json\/wp\/v2\/comments?post=1043"}],"version-history":[{"count":7,"href":"https:\/\/tonipinies.com\/ca\/wp-json\/wp\/v2\/pages\/1043\/revisions"}],"predecessor-version":[{"id":1107,"href":"https:\/\/tonipinies.com\/ca\/wp-json\/wp\/v2\/pages\/1043\/revisions\/1107"}],"wp:attachment":[{"href":"https:\/\/tonipinies.com\/ca\/wp-json\/wp\/v2\/media?parent=1043"}],"curies":[{"name":"wp","href":"https:\/\/api.w.org\/{rel}","templated":true}]}}