{"id":1578,"date":"2017-01-17T14:47:31","date_gmt":"2017-01-17T14:47:31","guid":{"rendered":"http:\/\/tonipinies.com\/inicio\/"},"modified":"2017-11-28T12:18:44","modified_gmt":"2017-11-28T12:18:44","slug":"inicio","status":"publish","type":"page","link":"https:\/\/tonipinies.com\/ca\/inicio\/","title":{"rendered":"Inicio"},"content":{"rendered":"<\/div><\/div><\/div><!-- close content main div --><\/div><\/div><div id='av_section_1' class='avia-section main_color avia-section-no-padding avia-no-border-styling av-parallax-section avia-bg-style-parallax    container_wrap sidebar_right'  data-section-bg-repeat='no-repeat' ><div class='av-parallax' data-avia-parallax-ratio='0.3' ><div class='av-parallax-inner main_color  avia-full-stretch' style = 'background-repeat: no-repeat; background-image: url(https:\/\/tonipinies.com\/wp-content\/uploads\/2017\/01\/FONDO-INICIO.jpg); background-attachment: scroll; background-position: center center; ' ><\/div><\/div><div class='container' ><div class='template-page content  av-content-small alpha units'><div class='post-entry post-entry-type-page post-entry-1578'><div class='entry-content-wrapper clearfix'>\n<div class=\"flex_column av_two_third  flex_column_div av-zero-column-padding first  \" style='border-radius:0px; '><p><div style='height:10px' class='hr hr-invisible   '><span class='hr-inner ' ><span class='hr-inner-style'><\/span><\/span><\/div><br \/>\n<div style='padding-bottom:10px;color:#ffffff;' class='av-special-heading av-special-heading-h2 custom-color-heading blockquote modern-quote modern-centered   '><h2 class='av-special-heading-tag '  itemprop=\"headline\"  >\u00bfA\u00daN NO HAS ALCANZADO EL LUGAR PROFESIONAL QUE MERECES?<\/h2><div class='special-heading-border'><div class='special-heading-inner-border' style='border-color:#ffffff'><\/div><\/div><\/div><br \/>\n<section class=\"av_textblock_section \"  itemscope=\"itemscope\" itemtype=\"https:\/\/schema.org\/CreativeWork\" ><div class='avia_textblock  '  style='font-size:18px; '  itemprop=\"text\" ><p style=\"text-align: center;\"><strong><span style=\"color: #ffffff;\">Soy Toni Pini\u00e9s y te voy a ayudar a alcanzar el reconocimiento y lugar profesional que buscas convirti\u00e9ndote en un l\u00edder reconocido, valorado y escuchado<\/span><\/strong><\/p>\n<\/div><\/section><br \/>\n<div  class='hr hr-short hr-center   '><span class='hr-inner ' ><span class='hr-inner-style'><\/span><\/span><\/div><br \/>\n<section class=\"av_textblock_section \"  itemscope=\"itemscope\" itemtype=\"https:\/\/schema.org\/CreativeWork\" ><div class='avia_textblock  '  style='font-size:18px; '  itemprop=\"text\" ><h3 style=\"text-align: center;\"><span style=\"color: #ffffff;\">Desc\u00e1rgate aqu\u00ed el v\u00eddeo &#8220;C\u00f3mo convertirte en un l\u00edder en tu empresa y conseguir el \u00e9xito profesional&#8221;<\/span><\/h3>\n<\/div><\/section><br \/>\n<div style='height:25px' class='hr hr-invisible   '><span class='hr-inner ' ><span class='hr-inner-style'><\/span><\/span><\/div><br \/>\n<div class='avia-button-wrap avia-button-center  '><a href='http:\/\/tonipinies.com\/video-clase-gratis\/' class='avia-button   avia-icon_select-no avia-color-orange avia-size-x-large avia-position-center '   ><span class='avia_iconbox_title' >Toni, env\u00edame la v\u00eddeo clase<\/span><\/a><\/div><\/p><\/div><div class=\"flex_column av_one_third  flex_column_div    \" style='padding:0px 0px -50px 0px ; border-radius:0px; '><p><div style='height:50px' class='hr hr-invisible   '><span class='hr-inner ' ><span class='hr-inner-style'><\/span><\/span><\/div><br \/>\n<div class='avia-image-container  av-styling-     avia-align-left '  itemscope=\"itemscope\" itemtype=\"https:\/\/schema.org\/ImageObject\"  ><div class='avia-image-container-inner'><img class='avia_image ' src='https:\/\/tonipinies.com\/wp-content\/uploads\/2017\/01\/cabecero-toni.png' alt='' title='cabecero-toni'   itemprop=\"thumbnailUrl\"  \/><\/div><\/div><\/p><\/div><\/div><\/div><\/div><!-- close content main div --><\/div><\/div><div id='after_section_1' class='main_color av_default_container_wrap container_wrap sidebar_right'   ><div class='container' ><div class='template-page content  av-content-small alpha units'><div class='post-entry post-entry-type-page post-entry-1578'><div class='entry-content-wrapper clearfix'><\/div><\/div><\/div><!-- close content main div --><\/div><\/div><div id='av_section_2' class='avia-section main_color avia-section-default avia-no-shadow avia-bg-style-scroll    container_wrap sidebar_right' style = 'background-color: #8a2c3a; '  ><div class='container' ><div class='template-page content  av-content-small alpha units'><div class='post-entry post-entry-type-page post-entry-1578'><div class='entry-content-wrapper clearfix'>\n<div style='padding-bottom:0px;color:#ffffff;font-size:36px;' class='av-special-heading av-special-heading-h6 custom-color-heading blockquote modern-quote modern-centered   av-inherit-size '><h6 class='av-special-heading-tag '  itemprop=\"headline\"  >POTENCIA TUS TALENTOS EN TU PROFESI\u00d3N. CONVI\u00c9RTETE EN L\u00cdDER DE TU CARRERA<\/h6><div class='special-heading-border'><div class='special-heading-inner-border' style='border-color:#ffffff'><\/div><\/div><\/div>\n<div  class='hr hr-short hr-center   '><span class='hr-inner ' ><span class='hr-inner-style'><\/span><\/span><\/div>\n<section class=\"av_textblock_section \"  itemscope=\"itemscope\" itemtype=\"https:\/\/schema.org\/CreativeWork\" ><div class='avia_textblock  '  style='font-size:20px; '  itemprop=\"text\" ><p style=\"text-align: center;\"><span style=\"color: #ffffff;\">La vida es demasiado corta para vivir siempre en la sombra. Por eso voy a ayudarte a brillar con luz propia, a estar en primer plano. Porque re-enfocar tu profesi\u00f3n y conectarla con tu motivaci\u00f3n y tus talentos te permitir\u00e1 dar los pasos necesarios para hacer realidad el futuro que deseas<\/span><\/p>\n<\/div><\/section>\n<\/div><\/div><\/div><!-- close content main div --><\/div><\/div><div id='after_section_2' class='main_color av_default_container_wrap container_wrap sidebar_right'   ><div class='container' ><div class='template-page content  av-content-small alpha units'><div class='post-entry post-entry-type-page post-entry-1578'><div class='entry-content-wrapper clearfix'><\/p>\n<\/div><\/div><\/div><!-- close content main div --><\/div><\/div><div id='av_section_3' class='avia-section main_color avia-section-default avia-no-shadow avia-bg-style-scroll   container_wrap sidebar_right'   ><div class='container' ><div class='template-page content  av-content-small alpha units'><div class='post-entry post-entry-type-page post-entry-1578'><div class='entry-content-wrapper clearfix'>\n<div class=\"flex_column av_one_third  flex_column_div av-zero-column-padding first  \" style='border-radius:0px; '><p><div style='padding-bottom:10px;color:#8a2c3a;' class='av-special-heading av-special-heading-h3 custom-color-heading blockquote modern-quote modern-centered   '><h3 class='av-special-heading-tag '  itemprop=\"headline\"  >ESTA ES MI HISTORIA<\/h3><div class='special-heading-border'><div class='special-heading-inner-border' style='border-color:#8a2c3a'><\/div><\/div><\/div><br \/>\n<div style='height:25px' class='hr hr-invisible   '><span class='hr-inner ' ><span class='hr-inner-style'><\/span><\/span><\/div><br \/>\n<div class='avia-image-container  av-styling-     avia-align-center '  itemscope=\"itemscope\" itemtype=\"https:\/\/schema.org\/ImageObject\"  ><div class='avia-image-container-inner'><img class='avia_image ' src='https:\/\/tonipinies.com\/wp-content\/uploads\/2017\/01\/1.jpg' alt='' title='1'   itemprop=\"thumbnailUrl\"  \/><\/div><\/div><br \/>\n<section class=\"av_textblock_section \"  itemscope=\"itemscope\" itemtype=\"https:\/\/schema.org\/CreativeWork\" ><div class='avia_textblock  '  style='font-size:18px; '  itemprop=\"text\" ><p style=\"text-align: center;\">D\u00e9jame contarte de primera mano qui\u00e9n soy y por qu\u00e9 me dedico a esto<\/p>\n<\/div><\/section><br \/>\n<div style='height:25px' class='hr hr-invisible   '><span class='hr-inner ' ><span class='hr-inner-style'><\/span><\/span><\/div><br \/>\n<div class='avia-button-wrap avia-button-center  '><a href='http:\/\/tonipinies.com\/acerca-de\/' class='avia-button   avia-icon_select-no avia-color-custom avia-size-large avia-position-center '  style='background-color:#8a2c3a; border-color:#8a2c3a; color:#ffffff; ' ><span class='avia_iconbox_title' >SABER M\u00c1S<\/span><\/a><\/div><\/p><\/div><div class=\"flex_column av_one_third  flex_column_div av-zero-column-padding   \" style='border-radius:0px; '><p><div style='padding-bottom:10px;color:#8a2c3a;' class='av-special-heading av-special-heading-h3 custom-color-heading blockquote modern-quote modern-centered   '><h3 class='av-special-heading-tag '  itemprop=\"headline\"  >TRABAJO CONTIGO<\/h3><div class='special-heading-border'><div class='special-heading-inner-border' style='border-color:#8a2c3a'><\/div><\/div><\/div><br \/>\n<div style='height:25px' class='hr hr-invisible   '><span class='hr-inner ' ><span class='hr-inner-style'><\/span><\/span><\/div><br \/>\n<div class='avia-image-container  av-styling-     avia-align-center '  itemscope=\"itemscope\" itemtype=\"https:\/\/schema.org\/ImageObject\"  ><div class='avia-image-container-inner'><img class='avia_image ' src='https:\/\/tonipinies.com\/wp-content\/uploads\/2017\/01\/2.jpg' alt='' title='2'   itemprop=\"thumbnailUrl\"  \/><\/div><\/div><br \/>\n<section class=\"av_textblock_section \"  itemscope=\"itemscope\" itemtype=\"https:\/\/schema.org\/CreativeWork\" ><div class='avia_textblock  '  style='font-size:18px; '  itemprop=\"text\" ><p style=\"text-align: center;\">Descubre c\u00f3mo puedo ayudarte a brillar m\u00e1s \/dar el paso que necesitas<\/p>\n<\/div><\/section><br \/>\n<div style='height:25px' class='hr hr-invisible   '><span class='hr-inner ' ><span class='hr-inner-style'><\/span><\/span><\/div><br \/>\n<div class='avia-button-wrap avia-button-center  '><a href='http:\/\/tonipinies.com\/trabaja-conmigo\/' class='avia-button   avia-icon_select-no avia-color-custom avia-size-large avia-position-center '  style='background-color:#8a2c3a; border-color:#8a2c3a; color:#ffffff; ' ><span class='avia_iconbox_title' >SABER M\u00c1S<\/span><\/a><\/div><\/p><\/div><div class=\"flex_column av_one_third  flex_column_div av-zero-column-padding   \" style='border-radius:0px; '><p><div style='padding-bottom:10px;color:#8a2c3a;' class='av-special-heading av-special-heading-h3 custom-color-heading blockquote modern-quote modern-centered   '><h3 class='av-special-heading-tag '  itemprop=\"headline\"  >RECURSOS GRATUITOS<\/h3><div class='special-heading-border'><div class='special-heading-inner-border' style='border-color:#8a2c3a'><\/div><\/div><\/div><br \/>\n<div style='height:25px' class='hr hr-invisible   '><span class='hr-inner ' ><span class='hr-inner-style'><\/span><\/span><\/div><br \/>\n<div style='height:25px' class='hr hr-invisible   '><span class='hr-inner ' ><span class='hr-inner-style'><\/span><\/span><\/div><br \/>\n<div class='avia-image-container  av-styling-     avia-align-center '  itemscope=\"itemscope\" itemtype=\"https:\/\/schema.org\/ImageObject\"  ><div class='avia-image-container-inner'><img class='avia_image ' src='https:\/\/tonipinies.com\/wp-content\/uploads\/2017\/10\/video-clase-lider.png' alt='' title='video-clase-lider'   itemprop=\"thumbnailUrl\"  \/><\/div><\/div><br \/>\n<div style='height:25px' class='hr hr-invisible   '><span class='hr-inner ' ><span class='hr-inner-style'><\/span><\/span><\/div><br \/>\n<section class=\"av_textblock_section \"  itemscope=\"itemscope\" itemtype=\"https:\/\/schema.org\/CreativeWork\" ><div class='avia_textblock  '  style='font-size:18px; '  itemprop=\"text\" ><p style=\"text-align: center;\">Desc\u00e1rgate mi video clase &#8220;C\u00f3mo convertirte en un l\u00edder en tu empresa y conseguir el \u00e9xito profesional&#8221;<\/p>\n<\/div><\/section><br \/>\n<div style='height:25px' class='hr hr-invisible   '><span class='hr-inner ' ><span class='hr-inner-style'><\/span><\/span><\/div><br \/>\n<div class='avia-button-wrap avia-button-center  '><a href='http:\/\/tonipinies.com\/video-clase-gratis\/' class='avia-button   avia-icon_select-no avia-color-custom avia-size-large avia-position-center '  style='background-color:#8a2c3a; border-color:#8a2c3a; color:#ffffff; ' ><span class='avia_iconbox_title' >SABER M\u00c1S<\/span><\/a><\/div><\/p><\/div><\/div><\/div><\/div><!-- close content main div --><\/div><\/div><div id='after_section_3' class='main_color av_default_container_wrap container_wrap sidebar_right'   ><div class='container' ><div class='template-page content  av-content-small alpha units'><div class='post-entry post-entry-type-page post-entry-1578'><div class='entry-content-wrapper clearfix'><\/div><\/div><\/div><!-- close content main div --><\/div><\/div><div id='av_section_4' class='avia-section main_color avia-section-default avia-no-border-styling avia-bg-style-scroll    container_wrap sidebar_right' style = 'background-color: #f4f4f4; '  ><div class='av-section-color-overlay-wrap'><a href='#next-section' title='' class='scroll-down-link '  aria-hidden='true' data-av_icon='\ue877' data-av_iconfont='entypo-fontello'><\/a><div class='container' ><div class='template-page content  av-content-small alpha units'><div class='post-entry post-entry-type-page post-entry-1578'><div class='entry-content-wrapper clearfix'>\n<div  data-autoplay='1'  data-interval='15'  data-animation='fade'  data-hoverpause='1'  class='avia-testimonial-wrapper avia-slider-testimonials avia-slider-2-testimonials avia_animate_when_almost_visible  av-large-testimonial-slider  '>\n<section class ='avia-testimonial-row'><div class='avia-testimonial av_one_half flex_column no_margin avia-testimonial-row-1 avia-first-testimonial'  itemscope=\"itemscope\" itemtype=\"https:\/\/schema.org\/Person\" ><div class='avia-testimonial_inner'><div class='avia-testimonial-content '    itemscope=\"itemscope\" itemtype=\"https:\/\/schema.org\/CreativeWork\" ><p><em>&#8220;Gracias a Toni por descubrirnos de una forma tan natural y sencilla, una nueva y m\u00e1s amplia visi\u00f3n de la realidad de nuestro mundo y el que nos rodea.<\/em><\/p>\n<p><em>Y tambi\u00e9n a proporcionarnos herramientas para poder recuperar las riendas de nuestros destinos&#8221;.<\/em><\/p>\n<\/div><div class='avia-testimonial-meta'><div class='avia-testimonial-arrow-wrap'><div class='avia-arrow'><\/div><\/div><div class='avia-testimonial-meta-mini'><strong  class='avia-testimonial-name'   style='color:#8a2c3a; '  itemprop=\"name\" >David Beltr\u00e1n<\/strong><span  class='avia-testimonial-subtitle av_opacity_variation'  style='color:#8a2c3a; '   itemprop=\"jobTitle\" >Director T\u00e9cnico<\/span><\/div><\/div><\/div><\/div>\n<div class='avia-testimonial av_one_half flex_column no_margin avia-testimonial-row-1 '  itemscope=\"itemscope\" itemtype=\"https:\/\/schema.org\/Person\" ><div class='avia-testimonial_inner'><div class='avia-testimonial-content '    itemscope=\"itemscope\" itemtype=\"https:\/\/schema.org\/CreativeWork\" ><p><em>&#8220;Contrat\u00e9 los servicios de Toni Pini\u00e9s como Coach para el Equipo de Gerentes de \u00c1rea. Su profesionalidad y experiencia fueron aplicadas con resultados muy positivos. El contenido del programa lo ajusta a las necesidades del cliente, por lo que el \u00e9xito est\u00e1 garantizado&#8221;.<\/em><\/p>\n<\/div><div class='avia-testimonial-meta'><div class='avia-testimonial-arrow-wrap'><div class='avia-arrow'><\/div><\/div><div class='avia-testimonial-image'  itemprop=\"image\" ><img loading=\"lazy\" decoding=\"async\" width=\"180\" height=\"180\" src=\"https:\/\/tonipinies.com\/wp-content\/uploads\/2017\/01\/Manuel-Guerrero-180x180.jpg\" class=\"attachment-square size-square\" alt=\"Manuel Guerrero\" srcset=\"https:\/\/tonipinies.com\/wp-content\/uploads\/2017\/01\/Manuel-Guerrero-180x180.jpg 180w, https:\/\/tonipinies.com\/wp-content\/uploads\/2017\/01\/Manuel-Guerrero-80x80.jpg 80w, https:\/\/tonipinies.com\/wp-content\/uploads\/2017\/01\/Manuel-Guerrero-36x36.jpg 36w, https:\/\/tonipinies.com\/wp-content\/uploads\/2017\/01\/Manuel-Guerrero-120x120.jpg 120w\" sizes=\"auto, (max-width: 180px) 100vw, 180px\" \/><\/div><div class='avia-testimonial-meta-mini'><strong  class='avia-testimonial-name'   style='color:#8a2c3a; '  itemprop=\"name\" >Manuel Guerrero<\/strong><span  class='avia-testimonial-subtitle av_opacity_variation'  style='color:#8a2c3a; '   itemprop=\"jobTitle\" >Country Sales Manager<\/span><\/div><\/div><\/div><\/div>\n<div class='avia-testimonial av_one_half flex_column no_margin avia-testimonial-row-1 '  itemscope=\"itemscope\" itemtype=\"https:\/\/schema.org\/Person\" ><div class='avia-testimonial_inner'><div class='avia-testimonial-content '    itemscope=\"itemscope\" itemtype=\"https:\/\/schema.org\/CreativeWork\" ><p><em>\u201cToni es un Consultor enfocado al desarrollo del potencial humano. en mi caso lo he podido comprobar pues su estilo de reflexi\u00f3n profundo y de preguntas muy dirigidas, me ayudado a ser m\u00e1s competitivo en mi trabajo&#8221;.<\/em><\/p>\n<\/div><div class='avia-testimonial-meta'><div class='avia-testimonial-arrow-wrap'><div class='avia-arrow'><\/div><\/div><div class='avia-testimonial-image'  itemprop=\"image\" ><img loading=\"lazy\" decoding=\"async\" width=\"98\" height=\"108\" src=\"https:\/\/tonipinies.com\/wp-content\/uploads\/2017\/01\/alejandro.jpg\" class=\"attachment-square size-square\" alt=\"Carlos Alejandro Ortega P\u00e9rez\" \/><\/div><div class='avia-testimonial-meta-mini'><strong  class='avia-testimonial-name'   style='color:#8a2c3a; '  itemprop=\"name\" >Carlos Alejandro Ortega P\u00e9rez<\/strong><span  class='avia-testimonial-subtitle av_opacity_variation'  style='color:#8a2c3a; '   itemprop=\"jobTitle\" >Gerente<\/span><\/div><\/div><\/div><\/div>\n<div class='avia-testimonial av_one_half flex_column no_margin avia-testimonial-row-1 '  itemscope=\"itemscope\" itemtype=\"https:\/\/schema.org\/Person\" ><div class='avia-testimonial_inner'><div class='avia-testimonial-content '    itemscope=\"itemscope\" itemtype=\"https:\/\/schema.org\/CreativeWork\" ><p><em>\u201cDespu\u00e9s de realizar un curso muy satisfactorio con Toni decid\u00ed contratar una consultor\u00eda personal con \u00e9l. La preparaci\u00f3n, visi\u00f3n, claridad de exposici\u00f3n y honestidad de un consultor son cualidades muy importantes. Toni no solo me lo ha demostrado, sino que tambi\u00e9n ha mostrado una gran implicaci\u00f3n. Espero seguir colaborando con Toni en el futuro\u201d.<\/em><\/p>\n<\/div><div class='avia-testimonial-meta'><div class='avia-testimonial-arrow-wrap'><div class='avia-arrow'><\/div><\/div><div class='avia-testimonial-meta-mini'><strong  class='avia-testimonial-name'   style='color:#8a2c3a; '  itemprop=\"name\" >Luis Fern\u00e1ndez Garc\u00eda<\/strong><span  class='avia-testimonial-subtitle av_opacity_variation'  style='color:#8a2c3a; '   itemprop=\"jobTitle\" >Hospitaly Entrepreneur<\/span><\/div><\/div><\/div><\/div>\n<div class='avia-testimonial av_one_half flex_column no_margin avia-testimonial-row-1 '  itemscope=\"itemscope\" itemtype=\"https:\/\/schema.org\/Person\" ><div class='avia-testimonial_inner'><div class='avia-testimonial-content '    itemscope=\"itemscope\" itemtype=\"https:\/\/schema.org\/CreativeWork\" ><p><em>&#8220;Ha sido un viaje tremendamente interesante para proyectarme desde el interior hacia el futuro. En ocasiones, me has incomodado y mucho, pero todo hay que decirlo, una incomodidad necesaria, como la de los amigos que te dicen lo que ya sabes, pero que a veces no queremos o\u00edr. Por lo tanto, gracias por &#8220;remover&#8221;, gracias por &#8220;activar&#8221; lo que todos tenemos dentro, y que yo tengo dentro para proyectarlo fuera, construir un mejor futuro para m\u00ed y compartirlo con aquellos que me rodean y quiero&#8221;.<\/em><\/p>\n<\/div><div class='avia-testimonial-meta'><div class='avia-testimonial-arrow-wrap'><div class='avia-arrow'><\/div><\/div><div class='avia-testimonial-meta-mini'><strong  class='avia-testimonial-name'   style='color:#8a2c3a; '  itemprop=\"name\" >\u00d3scar S\u00e1nchez<\/strong><\/div><\/div><\/div><\/div>\n<div class='avia-testimonial av_one_half flex_column no_margin avia-testimonial-row-1 '  itemscope=\"itemscope\" itemtype=\"https:\/\/schema.org\/Person\" ><div class='avia-testimonial_inner'><div class='avia-testimonial-content '    itemscope=\"itemscope\" itemtype=\"https:\/\/schema.org\/CreativeWork\" ><p style=\"text-align: left;\">Contact\u00e9 con Toni Pin\u00edes en un momento de mucha incertidumbre a nivel profesional con dos claros objetivos:<\/p>\n<ul style=\"text-align: left;\">\n<li>Decidir que camino escoger profesionalmente.<\/li>\n<li>Trabajar en la mejora de mis puntos d\u00e9biles relacionados con la comunicaci\u00f3n y toma de decisiones.<\/li>\n<\/ul>\n<p style=\"text-align: left;\">En Toni encontr\u00e9 un gran profesional que no solo me ha ayudado a superar y entender una etapa laboral intensa y complicada sino que me ha ido guiando durante las sesiones para ser capaz de tomar una de las decisiones profesionales y personales m\u00e1s importantes de mi vida. Toni no tiene problemas en retarte y en hacerte replantear tus ideas para poder evolucionar o superarte y al mismo tiempo hacerte sentir c\u00f3modo aun tratando temas personales con mucha carga emocional. A parte de las sesiones, me he sentido muy apoyada por \u00e9l durante todo el proceso gracias a sus mensajes y llamadas en los momentos clave en los que necesitaba compartir mis sensaciones o pensamientos.<\/p>\n<p style=\"text-align: left;\">Gracias a Toni he conseguido evolucionar y mejorar mis puntos d\u00e9biles gracias a sus propuestas de mejora aplicables al d\u00eda a d\u00eda. Estas mejoras se han percibido muy positivamente en mi entorno laboral.<\/p>\n<p style=\"text-align: left;\">Por \u00faltimo y no menos importante, quiero darle las gracias a Toni por conseguir que ahora vea mis debilidades como potenciales oportunidades de \u00e9xito. Espero seguir contando con \u00e9l para mis futuros retos.<\/p>\n<\/div><div class='avia-testimonial-meta'><div class='avia-testimonial-arrow-wrap'><div class='avia-arrow'><\/div><\/div><div class='avia-testimonial-image'  itemprop=\"image\" ><img loading=\"lazy\" decoding=\"async\" width=\"151\" height=\"180\" src=\"https:\/\/tonipinies.com\/wp-content\/uploads\/2017\/01\/image-151x180.png\" class=\"attachment-square size-square\" alt=\"Mar\u00eda Pel\u00e1ez\" \/><\/div><div class='avia-testimonial-meta-mini'><strong  class='avia-testimonial-name'   style='color:#8a2c3a; '  itemprop=\"name\" >Mar\u00eda Pel\u00e1ez<\/strong><span class='hidden avia-testimonial-markup-link'   itemprop=\"url\" >Sales and Distribution Project Manager en Vueling Airlines<\/span><a class='aviablank avia-testimonial-link' href='Sales and Distribution Project Manager en Vueling Airlines' >Sales and Distribution Project Manager en Vueling Airlines<\/a><\/div><\/div><\/div><\/div>\n<\/section><div class='avia-slideshow-arrows avia-slideshow-controls' ><a href='#prev' class='prev-slide' aria-hidden='true' data-av_icon='\ue87c' data-av_iconfont='entypo-fontello'>Anterior<\/a><a href='#next' class='next-slide' aria-hidden='true' data-av_icon='\ue87d' data-av_iconfont='entypo-fontello'>Seg\u00fcent<\/a><\/div><\/div>\n<\/div><\/div><\/div><!-- close content main div --><\/div><\/div><\/div><div id='after_section_4' class='main_color av_default_container_wrap container_wrap sidebar_right'   ><div class='container' ><div class='template-page content  av-content-small alpha units'><div class='post-entry post-entry-type-page post-entry-1578'><div class='entry-content-wrapper clearfix'><\/p>\n","protected":false},"excerpt":{"rendered":"","protected":false},"author":1,"featured_media":0,"parent":0,"menu_order":0,"comment_status":"open","ping_status":"open","template":"","meta":{"_monsterinsights_skip_tracking":false,"_monsterinsights_sitenote_active":false,"_monsterinsights_sitenote_note":"","_monsterinsights_sitenote_category":0,"_uf_show_specific_survey":0,"_uf_disable_surveys":false,"footnotes":""},"class_list":["post-1578","page","type-page","status-publish","hentry"],"aioseo_notices":[],"_links":{"self":[{"href":"https:\/\/tonipinies.com\/ca\/wp-json\/wp\/v2\/pages\/1578","targetHints":{"allow":["GET"]}}],"collection":[{"href":"https:\/\/tonipinies.com\/ca\/wp-json\/wp\/v2\/pages"}],"about":[{"href":"https:\/\/tonipinies.com\/ca\/wp-json\/wp\/v2\/types\/page"}],"author":[{"embeddable":true,"href":"https:\/\/tonipinies.com\/ca\/wp-json\/wp\/v2\/users\/1"}],"replies":[{"embeddable":true,"href":"https:\/\/tonipinies.com\/ca\/wp-json\/wp\/v2\/comments?post=1578"}],"version-history":[{"count":6,"href":"https:\/\/tonipinies.com\/ca\/wp-json\/wp\/v2\/pages\/1578\/revisions"}],"predecessor-version":[{"id":1921,"href":"https:\/\/tonipinies.com\/ca\/wp-json\/wp\/v2\/pages\/1578\/revisions\/1921"}],"wp:attachment":[{"href":"https:\/\/tonipinies.com\/ca\/wp-json\/wp\/v2\/media?parent=1578"}],"curies":[{"name":"wp","href":"https:\/\/api.w.org\/{rel}","templated":true}]}}